{"id":4342,"date":"2021-01-24T10:53:22","date_gmt":"2021-01-24T09:53:22","guid":{"rendered":"https:\/\/telegram.vestina.eu\/zastita-osobnih-podataka\/"},"modified":"2023-09-26T13:40:20","modified_gmt":"2023-09-26T11:40:20","slug":"zastita-osobnih-podataka","status":"publish","type":"page","link":"https:\/\/telegram.vestina.eu\/hr\/zastita-osobnih-podataka\/","title":{"rendered":"ZA\u0160TITA OSOBNIH PODATAKA"},"content":{"rendered":"<p>[et_pb_section fb_built=&#8221;1&#8243; _builder_version=&#8221;4.8.1&#8243; _module_preset=&#8221;default&#8221; background_color=&#8221;rgba(0,0,0,0)&#8221; use_background_color_gradient=&#8221;on&#8221; background_color_gradient_start=&#8221;rgba(104,186,179,0.33)&#8221; background_color_gradient_end=&#8221;rgba(104,186,179,0.33)&#8221; background_image=&#8221;https:\/\/telegram.vestina.eu\/wp-content\/uploads\/2021\/01\/Artboard-1-.jpg&#8221; parallax=&#8221;on&#8221; custom_margin=&#8221;||19px|||&#8221; custom_padding=&#8221;107px||0px|||&#8221;][et_pb_row _builder_version=&#8221;4.7.6&#8243; _module_preset=&#8221;default&#8221;][et_pb_column type=&#8221;4_4&#8243; _builder_version=&#8221;4.7.6&#8243; _module_preset=&#8221;default&#8221;][et_pb_text _builder_version=&#8221;4.8.1&#8243; text_font=&#8221;Cormorant Garamond||||||||&#8221; text_text_color=&#8221;#424a4f&#8221; text_font_size=&#8221;20px&#8221; text_line_height=&#8221;1.8em&#8221; link_font=&#8221;||||||||&#8221; link_text_color=&#8221;#424a4f&#8221; ul_font=&#8221;||||||||&#8221; header_font=&#8221;||||||||&#8221; header_text_color=&#8221;#FFFFFF&#8221; header_2_font=&#8221;||||||||&#8221; header_3_font=&#8221;Montserrat||||||||&#8221; header_3_text_color=&#8221;#FFFFFF&#8221; header_3_font_size=&#8221;45px&#8221; header_3_line_height=&#8221;1.5em&#8221; header_4_font=&#8221;||||||||&#8221; header_5_font=&#8221;Poppins|700||on|||||&#8221; header_5_text_color=&#8221;#FFFFFF&#8221; header_5_letter_spacing=&#8221;15px&#8221; header_5_line_height=&#8221;1.8em&#8221; text_orientation=&#8221;center&#8221; background_layout=&#8221;dark&#8221; width=&#8221;100%&#8221; max_width_tablet=&#8221;100%&#8221; max_width_phone=&#8221;100%&#8221; max_width_last_edited=&#8221;off|desktop&#8221; module_alignment=&#8221;right&#8221; custom_margin=&#8221;-61px|||||&#8221; header_3_font_size_tablet=&#8221;&#8221; header_3_font_size_phone=&#8221;34px&#8221; header_3_font_size_last_edited=&#8221;on|phone&#8221; locked=&#8221;off&#8221;]<\/p>\n<h5>ZA\u0160TITA OSOBNIH PODATAKA<\/h5>\n<p>[\/et_pb_text][\/et_pb_column][\/et_pb_row][\/et_pb_section][et_pb_section fb_built=&#8221;1&#8243; _builder_version=&#8221;3.22&#8243; background_color=&#8221;rgba(0,0,0,0)&#8221;][et_pb_row _builder_version=&#8221;4.7.7&#8243; background_size=&#8221;initial&#8221; background_position=&#8221;top_left&#8221; background_repeat=&#8221;repeat&#8221; width=&#8221;70%&#8221; width_tablet=&#8221;&#8221; width_phone=&#8221;80%&#8221; width_last_edited=&#8221;on|phone&#8221; max_width=&#8221;1493px&#8221; module_alignment=&#8221;center&#8221;][et_pb_column type=&#8221;4_4&#8243; _builder_version=&#8221;3.25&#8243; custom_padding=&#8221;|||&#8221; custom_padding__hover=&#8221;|||&#8221;][et_pb_text _builder_version=&#8221;4.7.7&#8243; text_font=&#8221;||||||||&#8221; text_text_color=&#8221;#424a4f&#8221; link_text_color=&#8221;#424a4f&#8221; header_text_color=&#8221;#424a4f&#8221; background_size=&#8221;initial&#8221; background_position=&#8221;top_left&#8221; background_repeat=&#8221;repeat&#8221; background_layout=&#8221;dark&#8221; width=&#8221;100%&#8221; module_alignment=&#8221;center&#8221; custom_margin=&#8221;-61px|||||&#8221;]<\/p>\n<p><strong>ZA\u0160TITA OSOBNIH PODATAKA<\/strong><\/p>\n<p>&nbsp;<\/p>\n<p>Tvrtka Emma d.o.o. (u daljnjem tekstu: Emma) je operator internetske stranice, odnosno internetske trgovine www.telegram.vestina.eu te se, u skladu sa Zakonom o za\u0161titi podataka (ZVOP-1) i Uredbi (EU) 2016\/679 Europskog parlamenta i Vije\u0107a, obvezuje da \u0107e osobne podatke dobivene na internetskoj stranici ili u internetskoj trgovini www.telegram.vestina.eu pa\u017eljivo \u010duvati te ih bez va\u0161eg pristanka ne\u0107e proslje\u0111ivati tre\u0107im osobama niti koristiti u svrhe druk\u010dije od onih navedenih u ovom dokumentu. Emma se zala\u017ee za za\u0161titu podataka i privatnosti posjetitelja internetskih stranica tvrtke koliko god mo\u017ee.<\/p>\n<p>&nbsp;<\/p>\n<p>Da bismo sprije\u010dili neovla\u0161teni pristup dobivenim podacima ili njihovo otkrivanje, odr\u017eali to\u010dnost osobnih podataka i osigurali njihovu prikladnu uporabu, koristimo se odgovaraju\u0107im tehni\u010dkim i organizacijskim postupcima za za\u0161titu podataka koje prikupljamo. Budu\u0107i da je internet nepredvidiv medij unato\u010d sigurnosnim mjerama i sigurnosnim komunikacijskim protokolima, Emma ne mo\u017ee isklju\u010diti mogu\u0107u zlouporabu podataka.<\/p>\n<p>&nbsp;<\/p>\n<p><strong>Kola\u010di\u0107i<\/strong><\/p>\n<p>&nbsp;<\/p>\n<p>Internetska stranica<span> <\/span><a href=\"http:\/\/www.lumada.net\/\">www.telegram.vestina.eu<\/a><span> <\/span>koristi kola\u010di\u0107e na temelju Zakona o elektroni\u010dkim komunikacijama (ZEKom-1; (Uradni list Republike Slovenije, br. 109\/12, 110\/13, 40\/14 \u2013 ZIN-B, 54) \/14 &#8211; dec. US, 81\/15 i 40\/17)). Upravitelj kola\u010di\u0107a je Emma d.o.o..<\/p>\n<p>&nbsp;<\/p>\n<p>Kola\u010di\u0107 je datoteka koju na\u0161a internetska stranica stvara tijekom va\u0161eg posjeta internetskoj stranici www.telegram.vestina.eu. Internetske stranice pohranjuju kola\u010di\u0107e na ure\u0111aje korisnika kojima pristupaju internetu da bi identificirale pojedine ure\u0111aje i postavke kojima su korisnici pristupili internetskoj stranici. Omogu\u0107uju nam da prepoznamo je li nas korisnik ve\u0107 posje\u0107ivao, a u nekim slu\u010dajevima mo\u017eemo u skladu s tim prilagoditi prikazani sadr\u017eaj. Kad prvi put posjetite<span> <\/span><a href=\"http:\/\/www.lumada.net\/\">www.telegram.vestina.eu<\/a><span> <\/span>na va\u0161e ra\u010dunalo se sprema \u00bbkola\u010di\u0107\u00ab (eng. cookie) koji mo\u017eete sami ukloniti ili odgovaraju\u0107im postavkama sprije\u010diti njegovo spremanje. Kola\u010di\u0107e mo\u017eete prihvatiti ili odbiti. Obi\u010dno va\u0161 internetski preglednik automatski prihva\u0107a kola\u010di\u0107e, ali mo\u017eete promijeniti postavke preglednika da ih odbije ako \u017eelite. Kola\u010di\u0107i ne mogu na\u0161tetiti va\u0161em ra\u010dunalu, tabletu ili mobilnom telefonu.<\/p>\n<p>&nbsp;<\/p>\n<p>Ovim datotekama<span> <\/span><strong>ne mo\u017eemo pristupiti va\u0161im osobnim podacima niti podacima koji se nalaze na va\u0161em ra\u010dunalu, osim onima koji su javno dostupni<\/strong><span> <\/span>(vrsta preglednika, vrsta operativnog sustava itd.). Koristimo kola\u010di\u0107e da bismo na\u0161u ponudu prilagodili va\u0161im \u017eeljama i analizirali kako se koriste na\u0161e ponude.<\/p>\n<p>&nbsp;<\/p>\n<p>Kola\u010di\u0107i su temeljni za pru\u017eanje internetskih usluga prilago\u0111enih korisniku i naj\u010de\u0161\u0107e funkcije e-poslovanja ne bi bile mogu\u0107e bez kola\u010di\u0107a. Pomo\u0107u kola\u010di\u0107a mo\u017eemo procijeniti u\u010dinkovitost dizajna na\u0161e internetske stranice. Interakcija izme\u0111u korisnika interneta i internetske stranice br\u017ea je i lak\u0161a pomo\u0107u kola\u010di\u0107a. Pomo\u0107u kola\u010di\u0107a internetska stranica pamti preferencije i iskustva pojedinca, \u0161to pretra\u017eivanje interneta \u010dini u\u010dinkovitijim i ugodnijim.<\/p>\n<p>&nbsp;<\/p>\n<p>Kola\u010di\u0107i se koriste za<\/p>\n<p>&nbsp;<\/p>\n<ul>\n<li>pohranu podataka o statusu pojedinih internetskih stranica (detalji o prilagodbama pojedinih internetskih stranica),<\/li>\n<li>za pomo\u0107 pri implementaciji internetskih usluga (npr. internetska trgovina),<\/li>\n<\/ul>\n<p>&nbsp;<\/p>\n<p>za pomo\u0107 pri prikupljanju statistike o korisnicima i posje\u0107enosti internetskih stranica, o navikama korisnika interneta i sl.<\/p>\n<p><span>Smjernice ovla\u0161tenog predstavnika za informiranje za uporabu kola\u010di\u0107a nalaze se na<\/span> <a href=\"https:\/\/www.ip-rs.si\/fileadmin\/user_upload\/Pdf\/smernice\/Smernice_o_uporabi_piskotkov.pdf\">ovoj poveznici<\/a><span>.<\/span><\/p>\n<p><strong><\/strong><\/p>\n<p><strong>Upravljanje i brisanje kola\u010di\u0107a<\/strong><\/p>\n<p>&nbsp;<\/p>\n<p>Ako \u017eelite promijeniti na\u010din uporabe kola\u010di\u0107a u va\u0161em pregledniku, uklju\u010duju\u0107i njihovo blokiranje ili brisanje, to u\u010dinite promjenom postavki preglednika. Za upravljanje kola\u010di\u0107ima ve\u0107ina vam preglednika omogu\u0107uje da prihvatite ili odbijete sve kola\u010di\u0107e, prihvatite samo odre\u0111enu vrstu kola\u010di\u0107a ili vas upozori da stranica \u017eeli spremiti kola\u010di\u0107. Tako\u0111er mo\u017eete jednostavno izbrisati kola\u010di\u0107e koje je spremio preglednik. Ako promijenite ili izbri\u0161ete datoteku kola\u010di\u0107a svog preglednika, promijenite ili nagradite svoj preglednik ili ure\u0111aj, mo\u017eda \u0107ete morati ponovno onemogu\u0107iti kola\u010di\u0107e. Postupak upravljanja i brisanja kola\u010di\u0107a razlikuje se od preglednika do preglednika. Ako vam je pri tome potrebna pomo\u0107, u pregledniku pogledajte odjeljak Pomo\u0107 korisnicima.<\/p>\n<p>&nbsp;<\/p>\n<p><strong>Osobni podaci<\/strong><\/p>\n<p>&nbsp;<\/p>\n<p>Osobni podaci su informacije koje vas identificiraju kao pojedinca: va\u0161e ime, prezime, adresa ili e-adresa. Emma tako\u0111er pohranjuje podatke o vremenu i datumu registracije kao i osnovne podatke o pristupu internetskim sadr\u017eajima, uklju\u010duju\u0107i IP adresu korisnika i podatke koje internetski preglednik automatski \u0161alje na poslu\u017eitelju. Emma ne prikuplja va\u0161e osobne podatke, osim kad vi to dopustite i na to pristanete. To \u010dinite pri registraciji u internetskoj trgovini, naru\u010divanju e-biltena ili ispunjavanju kontakt forme.<\/p>\n<p>&nbsp;<\/p>\n<p>Svi osobni podaci koje Emma prikupi na internetskoj stranici <span> <\/span><a href=\"http:\/\/www.lumada.net\/\">www.telegram.vestina.eu<\/a>, pohranjuju se isklju\u010divo u elektroni\u010dkom obliku do opoziva privole korisnika.<\/p>\n<p>&nbsp;<\/p>\n<p>Emma \u0107e va\u0161e osobne podatke koristiti u svrhu ispunjenja sklopljenih poslovnih odnosa ili va\u0161ih narud\u017ebi (slanje naru\u010denih proizvoda, predra\u010duna i ra\u010duna, obavijesti o dostavi i isporuci i sl.), za rje\u0161avanje mogu\u0107ih problema ili nepravilnosti u platnom prometu u slu\u010daju neuspjelih transakcija pri kupnji ili nakon nje, u slu\u010daju mogu\u0107ih gre\u0161ka u knjigovodstvu ili radi administracije tehni\u010dke prirode na internetskoj stranici. Sve s ciljem da vam omogu\u0107i pristup va\u0161em ra\u010dunu na kojem pratite povijest narud\u017ebi. &#8211; Tako\u0111er \u0107e koristiti podatke za op\u0107u komunikaciju s vama i u svrhu izravnog marketinga.<\/p>\n<p>&nbsp;<\/p>\n<p>Obvezujemo se da \u0107e osobni podaci dobiveni na internetskoj stranici ostati u potpunosti pohranjeni, za\u0161ti\u0107eni i obra\u0111eni od strane tvrtke Emma. Operator internetske stranice \u0107e sa svim dobivenim osobnim podacima postupati u skladu sa Zakonom o za\u0161titi osobnih podataka i u skladu s europskim zakonodavstvom (EU direktive 95\/46\/EC, 2002\/58\/EC i sporazumima ETS 108, ETS 181, ETS 185, ETS 189). Najsuvremenije sigurnosne mjere koje koristimo nude optimalnu za\u0161titu od neovla\u0161tenog pristupa podacima koji su nam dostavljeni ili koje smo pohranili. Podatke koje pohranjujemo ne\u0107emo proslje\u0111ivati tre\u0107im stranama, osim vanjskim suradnicima koji podatke obra\u0111uju isklju\u010divo u ime, za ra\u010dun, prema uputama i pod kontrolom tvrtke Emma (npr. pozivni centar, komunikacijske i reklamne agencije, tiskare&#8230;) i tijela dr\u017eavnog nadzora na temelju njihova obrazlo\u017eenog pisanog zahtjeva za potrebe vo\u0111enja odre\u0111enog postupka. Web stranica<span> <\/span><a href=\"http:\/\/www.lumada.net\/\">www.telegram.vestina.eu<\/a><span> <\/span>Internetska stranica www.telegram.vestina.eu smje\u0161tena je na poslu\u017eitelju Emme, koja je ujedno i upravitelj CMS aplikacije te ima pristup podacima prikupljenim na internetskoj stranici.<\/p>\n<p>&nbsp;<\/p>\n<p>Za sigurnost podataka odgovoran je i sam korisnik s odgovornim postupanjem s korisni\u010dkim imenom i lozinkom za pristup Internetskoj trgovini te koji na odgovaraju\u0107i na\u010din brine o antivirusnoj softverskoj za\u0161titi svog ra\u010dunala.<\/p>\n<p>&nbsp;<\/p>\n<p>Ako imate bilo kakvih pitanja u vezi s na\u0161om politikom privatnosti ili na\u010dinom postupanja s va\u0161im osobnim podacima, slobodno stupite u vezu s nama. Na temelju va\u0161eg zahtjeva obavijestit \u0107emo vas pisanim putem i u skladu s va\u017ee\u0107im propisima, koji su osobni podaci prikupljeni pri posjetu internetske stranice www.telegram.vestina.eu.<\/p>\n<p>&nbsp;<\/p>\n<p><strong>Komunikacija s korisnicima\/obrada podataka<\/strong><\/p>\n<p>&nbsp;<\/p>\n<p>Pravna osnova za obradu podataka tijekom kupnje je \u010dlanak 6. to\u010dka 1. t\u010d, alineja b) GDPR-a (ispunjenje ugovora, predugovorne mjere i sva primjenjiva zakonska regulativa u podru\u010dju za\u0161tite osobnih podataka) i \u010dlanak 6. to\u010dka 1. t\u010d, alineja a) GDPR (suglasnost) ako to zahtijeva mjerodavno pravo.<\/p>\n<p>&nbsp;<\/p>\n<p>Uz prethodnu privolu, danu na internetskoj stranici<span> <\/span><a href=\"http:\/\/www.lumada.net\/\">www.telegram.vestina.eu<\/a><span> <\/span>Emma \u0107e obra\u0111ivati osobne podatke u sljede\u0107e svrhe:<\/p>\n<p>&nbsp;<\/p>\n<ul>\n<li>&#8211; za ispunjenje ugovorne obveze u internetskoj trgovini u cijelosti (od narud\u017ebe do zavr\u0161etka)<\/li>\n<li>&#8211; za slanje e-novosti o markama u vlasni\u0161tvu Emme (Lumada, Vestina&#8230;) \u2013 novosti, pogodnosti, akcije, popusti, \u010dlanci&#8230;<\/li>\n<li>&#8211; za slanje odgovora na upite kontakt formom<\/li>\n<li>&#8211; za periodi\u010dnu analizu kupovnih navika i istra\u017eivanje tr\u017ei\u0161ta u obliku ankete s ciljem optimizacije ponude u internetskoj trgovini i pru\u017eanja vama va\u017enog sadr\u017eaja<\/li>\n<li>&#8211; za druge oblike obrade podataka na koje korisnik internetske stranice izri\u010dito pristaje.<\/li>\n<\/ul>\n<p>&nbsp;<\/p>\n<p>Emma mo\u017ee navedene podatke obra\u0111ivati za vlastite potrebe do opoziva privole zahtjevom za uklanjanjem osobnih podataka iz baze. Tijekom upravljanja osobnim podacima, korisnik ima mogu\u0107nost uvida i a\u017euriranja podataka u bazi na zahtjev. Uporabom internetske stranice ili internetske trgovine korisnik potvr\u0111uje da je upoznat s ovim uvjetima uporabe te da je pristanak na obradu njegovih osobnih podataka u svrhu navedenu ovom izjavom dobrovoljan.<\/p>\n<p>&nbsp;<\/p>\n<p><strong>Promjena poslanih podataka <span>ili<\/span> otkazivanje privole<\/strong><\/p>\n<p>&nbsp;<\/p>\n<p>Svi korisnici imaju pravo, u skladu sa ZVOP-1, u svakom trenutku zatra\u017eiti uvid u podatke koje Emma vodi o njima. Osim toga, u svakom trenutku mo\u017eete promijeniti svoje podatke ili zatra\u017eiti njihovo brisanje iz postoje\u0107e baze podataka ili povu\u0107i svoju privolu. . To u\u010dinite pisanim putem e-po\u0161tom ili na fizi\u010dku adresu Emme. Kontakti se nalaze na internetskoj stranici pod \u00bbKontakt\u00ab. Djelomi\u010dno povla\u010denje privole nije mogu\u0107e. Nakon povla\u010denja odgovaraju\u0107eg pristanka, vi\u0161e vam ne\u0107emo pru\u017eati povezane usluge i svi povezani ugovori smatrat \u0107e se raskinutim u trenutku povla\u010denja pristanka. Opoziv privole ne utje\u010de na zakonitost obrade osobnih podataka na temelju privole prije njezina opoziva. Ako jo\u0161 niste dali ili opozvali svoju privolu, va\u0161i osobni podaci ne\u0107e se koristiti na na\u010din opisan u gornjim stavcima. Naravno, i dalje mo\u017eete kupovati u internetskoj trgovini. U tom slu\u010daju primit \u0107ete samo podatke koji su potrebni za provedbu kupnje (npr. slanje ra\u010duna, informacije o kupnji i sl.). Poni\u0161tenje podataka nije mogu\u0107e u slu\u010daju kad to nala\u017ee zakon.<\/p>\n<p>&nbsp;<\/p>\n<p><strong>Internetska analitika<\/strong><\/p>\n<p>&nbsp;<\/p>\n<p>Za bolji pregled statisti\u010dkih podataka na\u0161e internetske stranice ili internetske trgovine koristimo se alatom Google Analytics. Google Analytics pra\u0107enje onemogu\u0107ite na sljede\u0107oj poveznici:<span> <\/span><a href=\"https:\/\/tools.google.com\/dlpage\/gaoptout\">https:\/\/tools.google.com\/dlpage\/gaoptout<\/a>.<\/p>\n<p>&nbsp;<\/p>\n<p><strong>Pohrana podataka<\/strong><\/p>\n<p>&nbsp;<\/p>\n<p>Emma \u0107e \u010duvati prikupljene podatke onoliko dugo koliko je prijeko potrebno za postizanje svrhe (kupnje) za koju su obra\u0111eni. Nakon toga odmah se bri\u0161u. Ako postoji obveza dru\u0161tva i\/ili porezna obveza \u010duvanja podataka, oni se bri\u0161u nakon pet (5) godina, osim ako propisima nije druk\u010dije odre\u0111eno. Va\u0161i komunikacijski podaci tako\u0111er \u0107e biti izbrisani nakon tog razdoblja. . Ako vi\u0161e ne trebamo va\u0161e podatke za gore opisane svrhe, oni se \u010duvaju samo tijekom odgovaraju\u0107eg razdoblja zadr\u017eavanja u skladu s pravilima tvrtke ili poreznim zakonima i vi\u0161e se ne obra\u0111uju u druge svrhe.<\/p>\n<p>&nbsp;<\/p>\n<p><strong>Dru\u0161tvene mre\u017ee i automatsko u\u010ditavanje slika<\/strong><\/p>\n<p>&nbsp;<\/p>\n<p>Sura\u0111ujemo s raznim dru\u0161tvenim mre\u017eama. Kad koristite ovu uslugu, va\u0161 \u0107e se preglednik automatski spojiti na mre\u017eu i prenijeti va\u0161u IP adresu i druge podatke (kao \u0161to su kola\u010di\u0107i) u slu\u010daju da ste prethodno posjetili relevantno ra\u010dunalno okru\u017eenje ili platformu. &#8211; Nastojimo izbjegavati takav prijenos podataka \u0161to je du\u017ee mogu\u0107e dok ne do\u0111e do stvarne interakcije s jednom od platformi. Klikom na odgovaraju\u0107i simbol (npr. logotip Facebooka) izjavljujete da ste spremni komunicirati s odabranom platformom (u ovom slu\u010daju Facebook) i da se sla\u017eete s prijenosom podataka o vama na odgovaraju\u0107u dru\u0161tvenu mre\u017eu.<\/p>\n<p>[\/et_pb_text][\/et_pb_column][\/et_pb_row][\/et_pb_section]<\/p>\n","protected":false},"excerpt":{"rendered":"<p>ZA\u0160TITA OSOBNIH PODATAKAZA\u0160TITA OSOBNIH PODATAKA &nbsp; Tvrtka Emma d.o.o. (u daljnjem tekstu: Emma) je operator internetske stranice, odnosno internetske trgovine www.telegram.vestina.eu te se, u skladu sa Zakonom o za\u0161titi podataka (ZVOP-1) i Uredbi (EU) 2016\/679 Europskog parlamenta i Vije\u0107a, obvezuje da \u0107e osobne podatke dobivene na internetskoj stranici ili u internetskoj trgovini www.telegram.vestina.eu pa\u017eljivo \u010duvati [&hellip;]<\/p>\n","protected":false},"author":1,"featured_media":0,"parent":0,"menu_order":0,"comment_status":"closed","ping_status":"closed","template":"","meta":{"_et_pb_use_builder":"on","_et_pb_old_content":"","_et_gb_content_width":"","footnotes":""},"class_list":["post-4342","page","type-page","status-publish","hentry"],"_links":{"self":[{"href":"https:\/\/telegram.vestina.eu\/hr\/wp-json\/wp\/v2\/pages\/4342","targetHints":{"allow":["GET"]}}],"collection":[{"href":"https:\/\/telegram.vestina.eu\/hr\/wp-json\/wp\/v2\/pages"}],"about":[{"href":"https:\/\/telegram.vestina.eu\/hr\/wp-json\/wp\/v2\/types\/page"}],"author":[{"embeddable":true,"href":"https:\/\/telegram.vestina.eu\/hr\/wp-json\/wp\/v2\/users\/1"}],"replies":[{"embeddable":true,"href":"https:\/\/telegram.vestina.eu\/hr\/wp-json\/wp\/v2\/comments?post=4342"}],"version-history":[{"count":2,"href":"https:\/\/telegram.vestina.eu\/hr\/wp-json\/wp\/v2\/pages\/4342\/revisions"}],"predecessor-version":[{"id":4344,"href":"https:\/\/telegram.vestina.eu\/hr\/wp-json\/wp\/v2\/pages\/4342\/revisions\/4344"}],"wp:attachment":[{"href":"https:\/\/telegram.vestina.eu\/hr\/wp-json\/wp\/v2\/media?parent=4342"}],"curies":[{"name":"wp","href":"https:\/\/api.w.org\/{rel}","templated":true}]}}