{"id":4335,"date":"2021-01-24T10:51:38","date_gmt":"2021-01-24T09:51:38","guid":{"rendered":"https:\/\/telegram.vestina.eu\/cesto-postavljana-pitanja\/"},"modified":"2023-09-26T12:08:45","modified_gmt":"2023-09-26T10:08:45","slug":"cesto-postavljana-pitanja","status":"publish","type":"page","link":"https:\/\/telegram.vestina.eu\/hr\/cesto-postavljana-pitanja\/","title":{"rendered":"\u010cESTO POSTAVLJANA PITANJA"},"content":{"rendered":"<p>[et_pb_section fb_built=&#8221;1&#8243; _builder_version=&#8221;4.16&#8243; _module_preset=&#8221;default&#8221; background_color=&#8221;rgba(0,0,0,0)&#8221; use_background_color_gradient=&#8221;on&#8221; background_color_gradient_stops=&#8221;rgba(104,186,179,0.33) 0%|rgba(104,186,179,0.33) 100%&#8221; background_color_gradient_start=&#8221;rgba(104,186,179,0.33)&#8221; background_color_gradient_end=&#8221;rgba(104,186,179,0.33)&#8221; background_image=&#8221;https:\/\/telegram.vestina.eu\/wp-content\/uploads\/2021\/01\/Artboard-1-.jpg&#8221; parallax=&#8221;on&#8221; custom_margin=&#8221;||19px|||&#8221; custom_padding=&#8221;107px||0px|||&#8221; global_colors_info=&#8221;{}&#8221;][et_pb_row _builder_version=&#8221;4.16&#8243; _module_preset=&#8221;default&#8221; global_colors_info=&#8221;{}&#8221;][et_pb_column type=&#8221;4_4&#8243; _builder_version=&#8221;4.16&#8243; _module_preset=&#8221;default&#8221; global_colors_info=&#8221;{}&#8221;][et_pb_text _builder_version=&#8221;4.16&#8243; text_font=&#8221;Cormorant Garamond||||||||&#8221; text_text_color=&#8221;#424a4f&#8221; text_font_size=&#8221;20px&#8221; text_line_height=&#8221;1.8em&#8221; link_font=&#8221;||||||||&#8221; link_text_color=&#8221;#424a4f&#8221; ul_font=&#8221;||||||||&#8221; header_font=&#8221;||||||||&#8221; header_text_color=&#8221;#FFFFFF&#8221; header_2_font=&#8221;||||||||&#8221; header_3_font=&#8221;Montserrat||||||||&#8221; header_3_text_color=&#8221;#FFFFFF&#8221; header_3_font_size=&#8221;45px&#8221; header_3_line_height=&#8221;1.5em&#8221; header_4_font=&#8221;||||||||&#8221; header_5_font=&#8221;Poppins|700||on|||||&#8221; header_5_text_color=&#8221;#FFFFFF&#8221; header_5_letter_spacing=&#8221;15px&#8221; header_5_line_height=&#8221;1.8em&#8221; text_orientation=&#8221;center&#8221; background_layout=&#8221;dark&#8221; width=&#8221;100%&#8221; max_width_tablet=&#8221;100%&#8221; max_width_phone=&#8221;100%&#8221; max_width_last_edited=&#8221;off|desktop&#8221; module_alignment=&#8221;right&#8221; custom_margin=&#8221;-61px|||||&#8221; header_3_font_size_tablet=&#8221;&#8221; header_3_font_size_phone=&#8221;34px&#8221; header_3_font_size_last_edited=&#8221;on|phone&#8221; locked=&#8221;off&#8221; global_colors_info=&#8221;{}&#8221;]<\/p>\n<h1>\u010cESTO POSTAVLJANA PITANJA<\/h1>\n<p>[\/et_pb_text][\/et_pb_column][\/et_pb_row][\/et_pb_section][et_pb_section fb_built=&#8221;1&#8243; _builder_version=&#8221;4.16&#8243; _module_preset=&#8221;default&#8221; background_color=&#8221;rgba(0,0,0,0)&#8221; custom_padding=&#8221;13px|||||&#8221; global_colors_info=&#8221;{}&#8221;][et_pb_row _builder_version=&#8221;4.16&#8243; _module_preset=&#8221;default&#8221; global_colors_info=&#8221;{}&#8221;][et_pb_column type=&#8221;4_4&#8243; _builder_version=&#8221;4.16&#8243; _module_preset=&#8221;default&#8221; global_colors_info=&#8221;{}&#8221;][et_pb_accordion closed_toggle_background_color=&#8221;rgba(0,91,108,0.21)&#8221; icon_color=&#8221;#898989&#8243; _builder_version=&#8221;4.17.3&#8243; _module_preset=&#8221;default&#8221; toggle_font_size=&#8221;16px&#8221; body_font=&#8221;|300|||||||&#8221; animation_style=&#8221;fade&#8221; hover_enabled=&#8221;0&#8243; global_colors_info=&#8221;{}&#8221; sticky_enabled=&#8221;0&#8243;][et_pb_accordion_item title=&#8221;Koje su mogu\u0107nosti pla\u0107anja?&#8221; open=&#8221;off&#8221; _builder_version=&#8221;4.17.3&#8243; _module_preset=&#8221;default&#8221; hover_enabled=&#8221;0&#8243; global_colors_info=&#8221;{}&#8221; sticky_enabled=&#8221;0&#8243;]<\/p>\n<p>Nudimo razli\u010dite mogu\u0107nosti pla\u0107anja i to: pla\u0107anje predujmom, pla\u0107anje kreditnom karticom i pla\u0107anje Paypal sustavom.<\/p>\n<p>*Bez obzira na vrstu uplate, sve brzojave su\u0107uti \u0161aljemo na adresu o\u017ealo\u0161\u0107ene osobe isti dan (vrijedi radnim danima).<\/p>\n<p>[\/et_pb_accordion_item][et_pb_accordion_item title=&#8221;Kako izvr\u0161iti narud\u017ebu?&#8221; _builder_version=&#8221;4.17.3&#8243; _module_preset=&#8221;default&#8221; hover_enabled=&#8221;0&#8243; global_colors_info=&#8221;{}&#8221; open=&#8221;off&#8221; sticky_enabled=&#8221;0&#8243;]<\/p>\n<ol>\n<li>Odaberite paket su\u0107uti ili brzojav su\u0107uti.<\/li>\n<li>Odaberite stih su\u0107uti koji \u017eelite dodati uz svoju poruku su\u0107uti.<\/li>\n<li>U prazan prostor napi\u0161ite svoju osobnu poruku su\u0107uti za primatelja.<\/li>\n<li>Pritisnite gumb \u00bbDodaj u ko\u0161aricu\u00ab i sustav \u0107e vas preusmjeriti u ko\u0161aricu.<\/li>\n<li>Odaberite na\u010din dostave i pritisnite \u00bbNastavi na naplatu\u00ab za dovr\u0161etak narud\u017ebe.<\/li>\n<li>S lijeve strane popunite svoje podatke (ili podatke uplatitelja), a s desne strane klikom na kvadrati\u0107 otvarate dodatni obrazac za popunjavanje podataka primatelja paketa.<\/li>\n<li>Na dnu stranice odaberite vrstu pla\u0107anja i dovr\u0161ite svoju narud\u017ebu klikom na tipku \u00bbKupi sada\u00ab.<\/li>\n<\/ol>\n<p>Ako trebate pomo\u0107 pri narud\u017ebi, nazovite nas na 030 46 47 48 ili nam po\u0161aljite e-poruku na <a href=\"mailto:shop@emma.si\">shop@emma.si<\/a>.<\/p>\n<p>[\/et_pb_accordion_item][et_pb_accordion_item title=&#8221;Koliko je vremena potrebno za dostavu brzojava su\u0107uti? Koje su mogu\u0107nosti dostave?&#8221; _builder_version=&#8221;4.17.3&#8243; _module_preset=&#8221;default&#8221; hover_enabled=&#8221;0&#8243; global_colors_info=&#8221;{}&#8221; open=&#8221;off&#8221; sticky_enabled=&#8221;0&#8243;]<\/p>\n<p>Rok dostave za Hrvatsku je od dva do pet (2 \u2013 5) radnih dana.<\/p>\n<p>Redovna dostava putem Packeta<\/p>\n<p>Rok dostave za Hrvatsku je od dva do pet (2 \u2013 5) radnih dana. Ako je o\u017ealo\u0161\u0107ena osoba odsutna u trenutku dostave, primit \u0107e tiskanu obavijest o neuspjeloj isporuci i mogu\u0107nosti ponovne dostave paketa na ku\u0107nu adresu.<\/p>\n<p>Brza dostava putem Packeta<\/p>\n<p>Kontaktirajte nas za mogu\u0107nosti brze dostave za Hrvatsku. shop@emma.si<\/p>\n<p><span style=\"color: #ff0000;\">*<\/span> So\u017ealni paketi koji \u0107e se naru\u010divati \u200b\u200bdo 9. sati bit \u0107e dostavljeni isti radni dan na adresu o\u017ealo\u0161\u0107enih, a paketi naru\u010deni nakon 9 sati. Ostatak \u0107e biti poslan sljede\u0107i dan<\/p>\n<p>Brzina dostave ovisi i o va\u0161oj lokacije. Sura\u0111ujemo s dostavom Packeta<a href=\"https:\/\/www.posta.si\/zasebno-site\/Documents\/Seznami\/Seznam%20Hitre%20poste%20po%20Sloveniji.pdf\">.<\/a><\/p>\n<p>&#8211;<\/p>\n<p>[\/et_pb_accordion_item][et_pb_accordion_item title=&#8221;Koliko ko\u0161ta dostava? &#8221; _builder_version=&#8221;4.17.3&#8243; _module_preset=&#8221;default&#8221; hover_enabled=&#8221;0&#8243; global_colors_info=&#8221;{}&#8221; open=&#8221;off&#8221; sticky_enabled=&#8221;0&#8243;]<\/p>\n<p>Cijena dostave za standardnu dostavu paketa je 9,99 \u20ac.<\/p>\n<p>Kontaktirajte nas za cijenu ekspresne dostave.<\/p>\n<p>Ako naru\u010dite samo brzojav su\u0107uti, dostava je besplatna.<\/p>\n<p>[\/et_pb_accordion_item][et_pb_accordion_item title=&#8221;\u017delim da primatelj danas primi brzojav su\u0107uti. Je li to mogu\u0107e? &#8221; _builder_version=&#8221;4.17.3&#8243; _module_preset=&#8221;default&#8221; hover_enabled=&#8221;0&#8243; global_colors_info=&#8221;{}&#8221; open=&#8221;off&#8221; sticky_enabled=&#8221;0&#8243;]<\/p>\n<p>Da. Na\u017ealost, dostava istog dana nije mogu\u0107a za pakete u Hrvatskoj. Ali mo\u017eemo provjeriti s dostavnom slu\u017ebom za vi\u0161e informacija.<\/p>\n<p>Napi\u0161ite nam e-mail poruku sa \u017eeljenim mjestom dostave. Ako po\u0161tanski ured, na koji \u0161aljete paket, nije na popisu, Po\u0161ta Slovenije va\u0161 \u0107e paket dostaviti sljede\u0107i radni dan. Provjerit \u0107emo koja je najbr\u017ea opcija dostave i koja je <a href=\"https:\/\/www.posta.si\/zasebno-site\/Documents\/Seznami\/Seznam%20Hitre%20poste%20po%20Sloveniji.pdf\">cijena<\/a>. <\/p>\n<p>[\/et_pb_accordion_item][et_pb_accordion_item title=&#8221;Ne mogu predati narud\u017ebu. \u0160to mogu u\u010diniti?&#8221; _builder_version=&#8221;4.17.3&#8243; _module_preset=&#8221;default&#8221; hover_enabled=&#8221;0&#8243; global_colors_info=&#8221;{}&#8221; open=&#8221;off&#8221; sticky_enabled=&#8221;0&#8243;]<\/p>\n<p>Ako pri naru\u010divanju imate problema, nazovite nas na +386 30 46 47 48 ili nam po\u0161aljite e-poruku na <a href=\"mailto:shop@emma.si\">shop@emma.si<\/a>.<\/p>\n<p>[\/et_pb_accordion_item][et_pb_accordion_item title=&#8221;Primatelj je primio o\u0161te\u0107en proizvod odnosno nije primio brzojav su\u0107uti. \u0160to mogu u\u010diniti?&#8221; _builder_version=&#8221;4.17.3&#8243; _module_preset=&#8221;default&#8221; hover_enabled=&#8221;0&#8243; global_colors_info=&#8221;{}&#8221; open=&#8221;off&#8221; sticky_enabled=&#8221;0&#8243;]<\/p>\n<p>Za reklamacije nazovite +386 30 46 47 48 ili po\u0161aljite e-poruku na <a href=\"mailto:shop@emma.si\">shop@emma.si<\/a>.<\/p>\n<p>[\/et_pb_accordion_item][et_pb_accordion_item title=&#8221;Trebam li se registrirati ili otvoriti ra\u010dun za naru\u010divanje? &#8221; _builder_version=&#8221;4.17.3&#8243; _module_preset=&#8221;default&#8221; hover_enabled=&#8221;0&#8243; global_colors_info=&#8221;{}&#8221; open=&#8221;off&#8221; sticky_enabled=&#8221;0&#8243;]<\/p>\n<p>Ne, registracija nije potrebna.<\/p>\n<p>&nbsp;<\/p>\n<p>[\/et_pb_accordion_item][et_pb_accordion_item title=&#8221;Treba mi pomo\u0107 pri izboru rije\u010di na kartici su\u0107uti.&#8221; _builder_version=&#8221;4.17.3&#8243; _module_preset=&#8221;default&#8221; hover_enabled=&#8221;0&#8243; sticky_enabled=&#8221;0&#8243; open=&#8221;off&#8221;]<\/p>\n<p>Osim paketa su\u0107uti, na internetskoj stranici ve\u0107 imamo mnogo lijepih stihova su\u0107uti me\u0111u kojima mo\u017eete birati.<\/p>\n<p>Ako ipak trebate pomo\u0107 pri odabiru rije\u010di i dizajnu kartice, nazovite +386 30 46 47 48 ili pi\u0161ite na na\u0161u e-adresu <a href=\"mailto:shop@emma.si\">shop@emma.si<\/a>.<\/p>\n<p>[\/et_pb_accordion_item][et_pb_accordion_item title=&#8221;Kako izgleda brzojav su\u0107uti? &#8221; _builder_version=&#8221;4.17.3&#8243; _module_preset=&#8221;default&#8221; hover_enabled=&#8221;0&#8243; sticky_enabled=&#8221;0&#8243; open=&#8221;on&#8221;]<\/p>\n<p>Brzojav su\u0107uti Vestina pa\u017eljivo je pripremljen i poslan u atraktivnoj ambala\u017ei. Uz odabrani paket su\u0107uti s visokokvalitetnim proizvodima Vestina, o\u017ealo\u0161\u0107enima poklonite i karticu s odabranim stihom su\u0107uti i osobnu posvetu su\u0107uti.<\/p>\n<p><img loading=\"lazy\" decoding=\"async\" src=\"https:\/\/telegram.vestina.eu\/wp-content\/uploads\/2021\/03\/ZALNI-TELEGRAM_simulacija-300x261.png\" width=\"316\" height=\"275\" alt=\"\" class=\"wp-image-838 alignnone size-medium\"><\/p>\n<p>[\/et_pb_accordion_item][\/et_pb_accordion][\/et_pb_column][\/et_pb_row][\/et_pb_section][et_pb_section fb_built=&#8221;1&#8243; custom_padding_last_edited=&#8221;on|phone&#8221; admin_label=&#8221;Subscribe&#8221; _builder_version=&#8221;4.16&#8243; background_color=&#8221;rgba(255,255,255,0.88)&#8221; background_image=&#8221;https:\/\/telegram.vestina.eu\/wp-content\/uploads\/2021\/01\/roze.png&#8221; background_position=&#8221;top_center&#8221; background_blend=&#8221;overlay&#8221; custom_margin_tablet=&#8221;&#8221; custom_margin_phone=&#8221;6px||-101px||false|false&#8221; custom_margin_last_edited=&#8221;on|phone&#8221; custom_padding=&#8221;91px|0px|91px|0px|true|false&#8221; custom_padding_tablet=&#8221;&#8221; custom_padding_phone=&#8221;82px|0px|102px|0px|false|false&#8221; saved_tabs=&#8221;all&#8221; global_colors_info=&#8221;{}&#8221;][et_pb_row custom_padding_last_edited=&#8221;on|phone&#8221; _builder_version=&#8221;4.16&#8243; _module_preset=&#8221;default&#8221; custom_margin=&#8221;-81px|auto|-28px|auto||&#8221; custom_margin_tablet=&#8221;&#8221; custom_margin_phone=&#8221;-109px|auto|-28px|auto|false|false&#8221; custom_margin_last_edited=&#8221;on|phone&#8221; custom_padding=&#8221;79px|||||&#8221; custom_padding_tablet=&#8221;&#8221; custom_padding_phone=&#8221;81px||||false|false&#8221; global_colors_info=&#8221;{}&#8221;][et_pb_column type=&#8221;4_4&#8243; _builder_version=&#8221;4.16&#8243; _module_preset=&#8221;default&#8221; global_colors_info=&#8221;{}&#8221;][et_pb_text _builder_version=&#8221;4.16&#8243; text_font=&#8221;Cormorant Garamond||||||||&#8221; text_text_color=&#8221;#424a4f&#8221; text_font_size=&#8221;20px&#8221; text_line_height=&#8221;1.8em&#8221; link_font=&#8221;||||||||&#8221; link_text_color=&#8221;#424a4f&#8221; ul_font=&#8221;||||||||&#8221; header_font=&#8221;||||||||&#8221; header_text_color=&#8221;#424a4f&#8221; header_2_font=&#8221;||||||||&#8221; header_3_font=&#8221;Montserrat||||||||&#8221; header_3_text_color=&#8221;#424a4f&#8221; header_3_font_size=&#8221;45px&#8221; header_3_line_height=&#8221;1.5em&#8221; header_4_font=&#8221;||||||||&#8221; header_5_font=&#8221;Poppins|700||on|||||&#8221; header_5_text_align=&#8221;center&#8221; header_5_text_color=&#8221;#015f6c&#8221; header_5_letter_spacing=&#8221;15px&#8221; header_5_line_height=&#8221;1.8em&#8221; background_layout=&#8221;dark&#8221; width=&#8221;100%&#8221; max_width_tablet=&#8221;100%&#8221; max_width_phone=&#8221;100%&#8221; max_width_last_edited=&#8221;off|desktop&#8221; module_alignment=&#8221;center&#8221; custom_margin=&#8221;31px|||||&#8221; locked=&#8221;off&#8221; global_colors_info=&#8221;{}&#8221;]<\/p>\n<h5>pi\u0161ite nam<\/h5>\n<h3><\/h3>\n<p>[\/et_pb_text][\/et_pb_column][\/et_pb_row][et_pb_row column_structure=&#8221;1_4,1_2,1_4&#8243; use_custom_gutter=&#8221;on&#8221; custom_padding_last_edited=&#8221;on|phone&#8221; admin_label=&#8221;Subscribe Row&#8221; module_class=&#8221; et_pb_row_fullwidth&#8221; _builder_version=&#8221;4.16&#8243; width=&#8221;89%&#8221; width_tablet=&#8221;80%&#8221; width_phone=&#8221;&#8221; width_last_edited=&#8221;on|desktop&#8221; max_width=&#8221;89%&#8221; max_width_tablet=&#8221;80%&#8221; max_width_phone=&#8221;&#8221; max_width_last_edited=&#8221;on|desktop&#8221; custom_padding_tablet=&#8221;&#8221; custom_padding_phone=&#8221;1px||||false|false&#8221; make_fullwidth=&#8221;on&#8221; global_colors_info=&#8221;{}&#8221;][et_pb_column type=&#8221;1_4&#8243; _builder_version=&#8221;4.16&#8243; custom_padding=&#8221;|||&#8221; global_colors_info=&#8221;{}&#8221; custom_padding__hover=&#8221;|||&#8221;][\/et_pb_column][et_pb_column type=&#8221;1_2&#8243; _builder_version=&#8221;4.16&#8243; custom_padding=&#8221;|||&#8221; global_colors_info=&#8221;{}&#8221; custom_padding__hover=&#8221;|||&#8221;][et_pb_contact_form captcha=&#8221;off&#8221; email=&#8221;shop@emma.si&#8221; custom_message=&#8221;IME KONTAKTA JE %%Name%%||et_pb_line_break_holder||||et_pb_line_break_holder||ELEKTRONSKI NASLOV JE %%Email%%||et_pb_line_break_holder||||et_pb_line_break_holder||SPORO\u010cILO JE %%Message%%&#8221; use_redirect=&#8221;on&#8221; redirect_url=&#8221;https:\/\/vestina.eu&#8221; success_message=&#8221;Va\u0161a poruka je poslana.&#8221; submit_button_text=&#8221;PO\u0160ALJI PORUKU&#8221; _builder_version=&#8221;4.16&#8243; _module_preset=&#8221;default&#8221; _unique_id=&#8221;7ac9f5c0-916f-411d-ba9a-91e7c0e42903&#8243; form_field_background_color=&#8221;#ffffff&#8221; form_field_text_color=&#8221;#000000&#8243; form_field_font=&#8221;Montserrat|300|||||||&#8221; form_field_font_size=&#8221;13px&#8221; custom_button=&#8221;on&#8221; button_text_size=&#8221;14px&#8221; button_text_color=&#8221;#FFFFFF&#8221; button_bg_color=&#8221;#015f6c&#8221; button_border_width=&#8221;6px&#8221; button_border_color=&#8221;#015f6c&#8221; button_border_radius=&#8221;0px&#8221; button_letter_spacing=&#8221;2px&#8221; button_font=&#8221;Montserrat|300|||||||&#8221; border_width_all=&#8221;1px&#8221; border_color_all=&#8221;#aaaaaa&#8221; global_colors_info=&#8221;{}&#8221;][et_pb_contact_field field_id=&#8221;Name&#8221; field_title=&#8221;Ime i prezime&#8221; _builder_version=&#8221;4.16&#8243; global_colors_info=&#8221;{}&#8221; button_text_size__hover_enabled=&#8221;off&#8221; button_one_text_size__hover_enabled=&#8221;off&#8221; button_two_text_size__hover_enabled=&#8221;off&#8221; button_text_color__hover_enabled=&#8221;off&#8221; button_one_text_color__hover_enabled=&#8221;off&#8221; button_two_text_color__hover_enabled=&#8221;off&#8221; button_border_width__hover_enabled=&#8221;off&#8221; button_one_border_width__hover_enabled=&#8221;off&#8221; button_two_border_width__hover_enabled=&#8221;off&#8221; button_border_color__hover_enabled=&#8221;off&#8221; button_one_border_color__hover_enabled=&#8221;off&#8221; button_two_border_color__hover_enabled=&#8221;off&#8221; button_border_radius__hover_enabled=&#8221;off&#8221; button_one_border_radius__hover_enabled=&#8221;off&#8221; button_two_border_radius__hover_enabled=&#8221;off&#8221; button_letter_spacing__hover_enabled=&#8221;off&#8221; button_one_letter_spacing__hover_enabled=&#8221;off&#8221; button_two_letter_spacing__hover_enabled=&#8221;off&#8221; button_bg_color__hover_enabled=&#8221;off&#8221; button_one_bg_color__hover_enabled=&#8221;off&#8221; button_two_bg_color__hover_enabled=&#8221;off&#8221;][\/et_pb_contact_field][et_pb_contact_field field_id=&#8221;Email&#8221; field_title=&#8221;Email adresa&#8221; field_type=&#8221;email&#8221; _builder_version=&#8221;4.16&#8243; global_colors_info=&#8221;{}&#8221; button_text_size__hover_enabled=&#8221;off&#8221; button_one_text_size__hover_enabled=&#8221;off&#8221; button_two_text_size__hover_enabled=&#8221;off&#8221; button_text_color__hover_enabled=&#8221;off&#8221; button_one_text_color__hover_enabled=&#8221;off&#8221; button_two_text_color__hover_enabled=&#8221;off&#8221; button_border_width__hover_enabled=&#8221;off&#8221; button_one_border_width__hover_enabled=&#8221;off&#8221; button_two_border_width__hover_enabled=&#8221;off&#8221; button_border_color__hover_enabled=&#8221;off&#8221; button_one_border_color__hover_enabled=&#8221;off&#8221; button_two_border_color__hover_enabled=&#8221;off&#8221; button_border_radius__hover_enabled=&#8221;off&#8221; button_one_border_radius__hover_enabled=&#8221;off&#8221; button_two_border_radius__hover_enabled=&#8221;off&#8221; button_letter_spacing__hover_enabled=&#8221;off&#8221; button_one_letter_spacing__hover_enabled=&#8221;off&#8221; button_two_letter_spacing__hover_enabled=&#8221;off&#8221; button_bg_color__hover_enabled=&#8221;off&#8221; button_one_bg_color__hover_enabled=&#8221;off&#8221; button_two_bg_color__hover_enabled=&#8221;off&#8221;][\/et_pb_contact_field][et_pb_contact_field field_id=&#8221;Message&#8221; field_title=&#8221;tvoja poruka&#8221; field_type=&#8221;text&#8221; fullwidth_field=&#8221;on&#8221; _builder_version=&#8221;4.16&#8243; global_colors_info=&#8221;{}&#8221; button_text_size__hover_enabled=&#8221;off&#8221; button_one_text_size__hover_enabled=&#8221;off&#8221; button_two_text_size__hover_enabled=&#8221;off&#8221; button_text_color__hover_enabled=&#8221;off&#8221; button_one_text_color__hover_enabled=&#8221;off&#8221; button_two_text_color__hover_enabled=&#8221;off&#8221; button_border_width__hover_enabled=&#8221;off&#8221; button_one_border_width__hover_enabled=&#8221;off&#8221; button_two_border_width__hover_enabled=&#8221;off&#8221; button_border_color__hover_enabled=&#8221;off&#8221; button_one_border_color__hover_enabled=&#8221;off&#8221; button_two_border_color__hover_enabled=&#8221;off&#8221; button_border_radius__hover_enabled=&#8221;off&#8221; button_one_border_radius__hover_enabled=&#8221;off&#8221; button_two_border_radius__hover_enabled=&#8221;off&#8221; button_letter_spacing__hover_enabled=&#8221;off&#8221; button_one_letter_spacing__hover_enabled=&#8221;off&#8221; button_two_letter_spacing__hover_enabled=&#8221;off&#8221; button_bg_color__hover_enabled=&#8221;off&#8221; button_one_bg_color__hover_enabled=&#8221;off&#8221; button_two_bg_color__hover_enabled=&#8221;off&#8221;][\/et_pb_contact_field][et_pb_contact_field field_id=&#8221;Field_4&#8243; field_title=&#8221;Politika privatnosti&#8221; field_type=&#8221;checkbox&#8221; checkbox_options=&#8221;%91{%22value%22:%22Pro\u010ditao sam i sla\u017eem se s Politikom privatnosti i Uvjetima.%22,%22checked%22:0,%22dragID%22:-1,%22link_url%22:%22https:\\\/\\\/vestina.eu\\\/politika-zasebnosti\\\/%22}%93&#8243; _builder_version=&#8221;4.16&#8243; _module_preset=&#8221;default&#8221; form_field_background_color=&#8221;#ffffff&#8221; form_field_focus_background_color=&#8221;#ffffff&#8221; form_field_focus_text_color=&#8221;#000000&#8243; form_field_font_size=&#8221;12px&#8221; global_colors_info=&#8221;{}&#8221;][\/et_pb_contact_field][\/et_pb_contact_form][\/et_pb_column][et_pb_column type=&#8221;1_4&#8243; _builder_version=&#8221;4.16&#8243; custom_padding=&#8221;|||&#8221; global_colors_info=&#8221;{}&#8221; custom_padding__hover=&#8221;|||&#8221;][\/et_pb_column][\/et_pb_row][\/et_pb_section]<\/p>\n","protected":false},"excerpt":{"rendered":"<p>\u010cESTO POSTAVLJANA PITANJANudimo razli\u010dite mogu\u0107nosti pla\u0107anja i to: pla\u0107anje predujmom, pla\u0107anje kreditnom karticom i pla\u0107anje Paypal sustavom. *Bez obzira na vrstu uplate, sve brzojave su\u0107uti \u0161aljemo na adresu o\u017ealo\u0161\u0107ene osobe isti dan (vrijedi radnim danima). Odaberite paket su\u0107uti ili brzojav su\u0107uti. Odaberite stih su\u0107uti koji \u017eelite dodati uz svoju poruku su\u0107uti. U prazan prostor napi\u0161ite [&hellip;]<\/p>\n","protected":false},"author":1,"featured_media":0,"parent":0,"menu_order":0,"comment_status":"closed","ping_status":"closed","template":"","meta":{"_et_pb_use_builder":"on","_et_pb_old_content":"","_et_gb_content_width":"","footnotes":""},"class_list":["post-4335","page","type-page","status-publish","hentry"],"_links":{"self":[{"href":"https:\/\/telegram.vestina.eu\/hr\/wp-json\/wp\/v2\/pages\/4335","targetHints":{"allow":["GET"]}}],"collection":[{"href":"https:\/\/telegram.vestina.eu\/hr\/wp-json\/wp\/v2\/pages"}],"about":[{"href":"https:\/\/telegram.vestina.eu\/hr\/wp-json\/wp\/v2\/types\/page"}],"author":[{"embeddable":true,"href":"https:\/\/telegram.vestina.eu\/hr\/wp-json\/wp\/v2\/users\/1"}],"replies":[{"embeddable":true,"href":"https:\/\/telegram.vestina.eu\/hr\/wp-json\/wp\/v2\/comments?post=4335"}],"version-history":[{"count":2,"href":"https:\/\/telegram.vestina.eu\/hr\/wp-json\/wp\/v2\/pages\/4335\/revisions"}],"predecessor-version":[{"id":4337,"href":"https:\/\/telegram.vestina.eu\/hr\/wp-json\/wp\/v2\/pages\/4335\/revisions\/4337"}],"wp:attachment":[{"href":"https:\/\/telegram.vestina.eu\/hr\/wp-json\/wp\/v2\/media?parent=4335"}],"curies":[{"name":"wp","href":"https:\/\/api.w.org\/{rel}","templated":true}]}}