{"id":4327,"date":"2021-01-24T10:50:55","date_gmt":"2021-01-24T09:50:55","guid":{"rendered":"https:\/\/telegram.vestina.eu\/o-nama\/"},"modified":"2023-09-26T11:56:18","modified_gmt":"2023-09-26T09:56:18","slug":"o-nama","status":"publish","type":"page","link":"https:\/\/telegram.vestina.eu\/hr\/o-nama\/","title":{"rendered":"O NAMA"},"content":{"rendered":"<p>[et_pb_section fb_built=&#8221;1&#8243; _builder_version=&#8221;4.8.1&#8243; _module_preset=&#8221;default&#8221; background_color=&#8221;rgba(0,0,0,0)&#8221; use_background_color_gradient=&#8221;on&#8221; background_color_gradient_start=&#8221;rgba(104,186,179,0.33)&#8221; background_color_gradient_end=&#8221;rgba(104,186,179,0.33)&#8221; background_image=&#8221;https:\/\/telegram.vestina.eu\/wp-content\/uploads\/2021\/01\/Artboard-1-.jpg&#8221; parallax=&#8221;on&#8221; custom_margin=&#8221;||19px|||&#8221; custom_padding=&#8221;107px||42px|||&#8221;][et_pb_row _builder_version=&#8221;4.7.6&#8243; _module_preset=&#8221;default&#8221;][et_pb_column type=&#8221;4_4&#8243; _builder_version=&#8221;4.7.6&#8243; _module_preset=&#8221;default&#8221;][et_pb_text _builder_version=&#8221;4.8.1&#8243; text_font=&#8221;Cormorant Garamond||||||||&#8221; text_text_color=&#8221;#424a4f&#8221; text_font_size=&#8221;20px&#8221; text_line_height=&#8221;1.8em&#8221; link_font=&#8221;||||||||&#8221; link_text_color=&#8221;#424a4f&#8221; ul_font=&#8221;||||||||&#8221; header_font=&#8221;||||||||&#8221; header_text_color=&#8221;#FFFFFF&#8221; header_2_font=&#8221;||||||||&#8221; header_3_font=&#8221;Montserrat||||||||&#8221; header_3_text_color=&#8221;#FFFFFF&#8221; header_3_font_size=&#8221;45px&#8221; header_3_line_height=&#8221;1.5em&#8221; header_4_font=&#8221;||||||||&#8221; header_5_font=&#8221;Poppins|700||on|||||&#8221; header_5_text_color=&#8221;#FFFFFF&#8221; header_5_letter_spacing=&#8221;15px&#8221; header_5_line_height=&#8221;1.8em&#8221; text_orientation=&#8221;center&#8221; background_layout=&#8221;dark&#8221; width=&#8221;100%&#8221; max_width_tablet=&#8221;100%&#8221; max_width_phone=&#8221;100%&#8221; max_width_last_edited=&#8221;off|desktop&#8221; module_alignment=&#8221;right&#8221; custom_margin=&#8221;-61px|||||&#8221; hover_enabled=&#8221;0&#8243; header_3_font_size_tablet=&#8221;&#8221; header_3_font_size_phone=&#8221;34px&#8221; header_3_font_size_last_edited=&#8221;on|phone&#8221; locked=&#8221;off&#8221; sticky_enabled=&#8221;0&#8243;]<\/p>\n<h5>VE\u0106 POLA STOLJE\u0106A NEPREKIDNO UVO\u0110ENJE SUVREMENIH RJE\u0160ENJA ZA VAS<\/h5>\n<h3>Od originalnih ideja do visokokvalitetnih proizvoda<\/h3>\n<p>[\/et_pb_text][\/et_pb_column][\/et_pb_row][\/et_pb_section][et_pb_section fb_built=&#8221;1&#8243; background_color=&#8221;rgba(0,0,0,0)&#8221; _builder_version=&#8221;4.6.3&#8243; _module_preset=&#8221;default&#8221; custom_padding=&#8221;3px||0px|||&#8221;][et_pb_row column_structure=&#8221;1_2,1_2&#8243; make_equal=&#8221;on&#8221; _builder_version=&#8221;4.7.6&#8243; _module_preset=&#8221;default&#8221; max_width=&#8221;2229px&#8221; module_alignment=&#8221;center&#8221; custom_padding=&#8221;43px||110px|||&#8221;][et_pb_column type=&#8221;1_2&#8243; _builder_version=&#8221;4.6.3&#8243; _module_preset=&#8221;default&#8221;][et_pb_text text_text_color=&#8221;#424a4f&#8221; text_font=&#8221;Montserrat|300|||||||&#8221; link_text_color=&#8221;#424a4f&#8221; background_layout=&#8221;dark&#8221; custom_margin=&#8221;-61px|||||&#8221; header_text_color=&#8221;#424a4f&#8221; width=&#8221;100%&#8221; module_alignment=&#8221;center&#8221; _builder_version=&#8221;4.7.7&#8243; _module_preset=&#8221;default&#8221; custom_margin_tablet=&#8221;&#8221; custom_margin_phone=&#8221;-153px||||false|false&#8221; custom_margin_last_edited=&#8221;on|phone&#8221; custom_padding=&#8221;70px|||||&#8221;]<\/p>\n<div>\n<div>\n<div>\n<p><span>U<\/span><span>obiteljskoj tvrtki<\/span><span> <\/span><span>tvrtki<\/span><span>EMMA <\/span><span>iz<\/span><span> <\/span><span>Lesc<\/span><span> <\/span><span>na<\/span><span> <\/span><span>Gorenjskem<\/span><span> <\/span><span>ove godine<\/span><span> <\/span><span>obilje\u017eavamo<\/span> <span>50 godina<\/span> <span>tradicije<\/span><span>.<\/span> <span>Principi<\/span><span> <\/span><span>U<\/span><span> <\/span>r<span>razvoja<\/span> <span>i<\/span> <span>proizvodnje<\/span><span> <\/span><span>izdelkov<\/span><span>, <\/span><span>ki<\/span><span> se <\/span><span>jih<\/span><span> <\/span><span>dr\u017eimo<\/span><span> <\/span><span>\u017ee<\/span><span> <\/span><span>sva<\/span><span>ova<\/span><span>dese\u0107letja<\/span><span>, su<\/span><span>danas<\/span><span> <\/span><span>aktualni<\/span><span> <\/span><span>kao<\/span><span> <\/span><span>nikada<\/span><span> <\/span><span>prije<\/span><span>. <\/span><span>Inovativnost<\/span><span>, <\/span><span>kakova\u0107a<\/span><span>,<\/span><span> <\/span><span>ekologija<\/span><span>i<\/span><span>srce<\/span><span>&#8211; to su<\/span><span>\u010detiri<\/span><span> <\/span><span>klju\u010dna<\/span><span> <\/span><span>stupa<\/span><span>, <\/span><span>na<\/span><span> <\/span><span>kojima<\/span><span> <\/span><span>gradimo<\/span><span> i<\/span><span>u<\/span><span> <\/span><span>gradili<\/span><span> <\/span><span>i<\/span><span>u<\/span><span>bodu\u0107nosti<\/span><span>.<\/span><span> <\/span><span> <\/span><\/p>\n<\/div>\n<div>\n<p><span>Tijekom<\/span><span> <\/span><span>desetlje\u0107a<\/span><span> <\/span><span>postojanja<\/span><span> <\/span><span>postoja<\/span><span> <\/span><span>smo<\/span><span> <\/span><span>razvili<\/span><span> <\/span><span>nekoliko<\/span><span> <\/span><span>uspe\u0161nih<\/span><span> <\/span><span>blagovnih<\/span><span> <\/span><span>znamka<\/span><span>, <\/span><span>najbolje<\/span><span> <\/span><span>prepoznavna<\/span><span> me\u0111u<\/span><span>njimi<\/span><span> <\/span><span>je Vestina. <\/span><span>Gre<\/span><span> za<\/span><span> <\/span><span>ekolo\u0161ki<\/span><span> <\/span><span>prihvatljiv<\/span><span> <\/span><span>lampioni<\/span><span> <\/span><span>bodu\u0107nosti<\/span><span> <\/span><span>sa<\/span><span>slovenskim<\/span><span> <\/span><span>znakom<\/span><span> <\/span><span>kakovosti<\/span><span>.<\/span><span> <\/span><span>Nadahnu\u0107e<\/span><span> za <\/span><span>razvoj<\/span><span> <\/span><span>proizvodov<\/span><span> <\/span><span>uvijek<\/span><span> <\/span><span>tra\u017eimo<\/span><span>u<\/span><span>potrebama<\/span><span> <\/span><span>ljudi<\/span><span> i<\/span><span>svjetskih<\/span><span> <\/span><span>trendovima<\/span><span>, <\/span><span>a \u010desto<\/span><span>i sami<\/span><span> <\/span><span>posta<\/span><span>vljamo<\/span><span> <\/span><span>trendove<\/span><span> <\/span><span>suvremenim<\/span><span> <\/span><span>rje\u0161enjima<\/span><span> <\/span><span>i<\/span><span> <\/span><span>mi<\/span><span>.<\/span><span> <\/span><span>Nastavit<\/span><span> <\/span><span>\u0107emo<\/span><span> <\/span><span>stvarati<\/span><span> <\/span><span>suvremene<\/span><span> <\/span><span>proizvode visoke<\/span><span> <\/span><span>do<\/span><span>da<\/span><span>ne<\/span><span> <\/span><span>vrije<\/span><span>dnosti.<\/span><span>. Za<\/span><span>lj<\/span><span>u<\/span><span>de<\/span><span>,<\/span><span> <\/span><span>koji<\/span><span> <\/span><span>\u017eelijo<\/span><span> <\/span><span>ne\u0161to<\/span><span> <\/span><span>vi\u0161e<\/span><span>.<\/span><span> <\/span><\/p>\n<\/div>\n<\/div>\n<\/div>\n<div><\/div>\n<p>&nbsp;<\/p>\n<p>[\/et_pb_text][et_pb_button button_url=&#8221;https:\/\/vestina.eu\/poslovne-priloznosti\/&#8221; button_text=&#8221;PRILIKE ZA TVRTKE&#8221; button_alignment=&#8221;center&#8221; _builder_version=&#8221;4.8.1&#8243; custom_button=&#8221;on&#8221; button_text_size=&#8221;14px&#8221; button_text_color=&#8221;#ffffff&#8221; button_bg_color=&#8221;#005b6c&#8221; button_border_width=&#8221;3px&#8221; button_border_color=&#8221;rgba(0,0,0,0)&#8221; button_border_radius=&#8221;0px&#8221; button_letter_spacing=&#8221;4px&#8221; button_font=&#8221;Poppins|500||on|||||&#8221; background_layout=&#8221;dark&#8221; custom_margin=&#8221;|||&#8221; custom_padding=&#8221;18px||18px|&#8221; hover_enabled=&#8221;0&#8243; button_text_color_hover=&#8221;#ffffff&#8221; button_bg_color_hover=&#8221;#c4beb9&#8243; button_text_size__hover_enabled=&#8221;off&#8221; button_one_text_size__hover_enabled=&#8221;off&#8221; button_two_text_size__hover_enabled=&#8221;off&#8221; button_text_color__hover_enabled=&#8221;on&#8221; button_text_color__hover=&#8221;#ffffff&#8221; button_one_text_color__hover_enabled=&#8221;off&#8221; button_two_text_color__hover_enabled=&#8221;off&#8221; button_border_width__hover_enabled=&#8221;off&#8221; button_one_border_width__hover_enabled=&#8221;off&#8221; button_two_border_width__hover_enabled=&#8221;off&#8221; button_border_color__hover_enabled=&#8221;off&#8221; button_one_border_color__hover_enabled=&#8221;off&#8221; button_two_border_color__hover_enabled=&#8221;off&#8221; button_border_radius__hover_enabled=&#8221;off&#8221; button_one_border_radius__hover_enabled=&#8221;off&#8221; button_two_border_radius__hover_enabled=&#8221;off&#8221; button_letter_spacing__hover_enabled=&#8221;off&#8221; button_one_letter_spacing__hover_enabled=&#8221;off&#8221; button_two_letter_spacing__hover_enabled=&#8221;off&#8221; button_bg_color__hover_enabled=&#8221;on&#8221; button_bg_color__hover=&#8221;#c4beb9&#8243; button_one_bg_color__hover_enabled=&#8221;off&#8221; button_two_bg_color__hover_enabled=&#8221;off&#8221; button_bg_enable_color=&#8221;on&#8221; sticky_enabled=&#8221;0&#8243;]&nbsp;<br \/>\n[\/et_pb_button][\/et_pb_column][et_pb_column type=&#8221;1_2&#8243; _builder_version=&#8221;4.6.3&#8243; _module_preset=&#8221;default&#8221;][et_pb_image src=&#8221;https:\/\/telegram.vestina.eu\/wp-content\/uploads\/2021\/01\/Poslovnazgradba.png&#8221; title_text=&#8221;Poslovna infrastruktura&#8221; _builder_version=&#8221;4.6.3&#8243; _module_preset=&#8221;default&#8221; custom_margin=&#8221;||63px|||&#8221;][\/et_pb_image][\/et_pb_column][\/et_pb_row][\/et_pb_section][et_pb_section fb_built=&#8221;1&#8243; custom_padding_last_edited=&#8221;on|phone&#8221; admin_label=&#8221;Subscribe&#8221; _builder_version=&#8221;4.8.1&#8243; background_color=&#8221;rgba(255,255,255,0.88)&#8221; background_image=&#8221;https:\/\/telegram.vestina.eu\/wp-content\/uploads\/2021\/01\/roze.png&#8221; background_position=&#8221;top_center&#8221; background_blend=&#8221;overlay&#8221; custom_margin_tablet=&#8221;&#8221; custom_margin_phone=&#8221;6px||-101px||false|false&#8221; custom_margin_last_edited=&#8221;on|phone&#8221; custom_padding=&#8221;91px|0px|91px|0px|true|false&#8221; custom_padding_tablet=&#8221;&#8221; custom_padding_phone=&#8221;82px|0px|102px|0px|false|false&#8221; saved_tabs=&#8221;all&#8221;][et_pb_row custom_padding_last_edited=&#8221;on|phone&#8221; _builder_version=&#8221;4.7.7&#8243; _module_preset=&#8221;default&#8221; custom_margin=&#8221;-81px|auto|-28px|auto||&#8221; custom_margin_tablet=&#8221;&#8221; custom_margin_phone=&#8221;-109px|auto|-28px|auto|false|false&#8221; custom_margin_last_edited=&#8221;on|phone&#8221; custom_padding=&#8221;79px|||||&#8221; custom_padding_tablet=&#8221;&#8221; custom_padding_phone=&#8221;81px||||false|false&#8221;][et_pb_column type=&#8221;4_4&#8243; _builder_version=&#8221;4.7.6&#8243; _module_preset=&#8221;default&#8221;][et_pb_text _builder_version=&#8221;4.8.1&#8243; text_font=&#8221;Cormorant Garamond||||||||&#8221; text_text_color=&#8221;#424a4f&#8221; text_font_size=&#8221;20px&#8221; text_line_height=&#8221;1.8em&#8221; link_font=&#8221;||||||||&#8221; link_text_color=&#8221;#424a4f&#8221; ul_font=&#8221;||||||||&#8221; header_font=&#8221;||||||||&#8221; header_text_color=&#8221;#424a4f&#8221; header_2_font=&#8221;||||||||&#8221; header_3_font=&#8221;Montserrat||||||||&#8221; header_3_text_color=&#8221;#424a4f&#8221; header_3_font_size=&#8221;45px&#8221; header_3_line_height=&#8221;1.5em&#8221; header_4_font=&#8221;||||||||&#8221; header_5_font=&#8221;Poppins|700||on|||||&#8221; header_5_text_align=&#8221;center&#8221; header_5_text_color=&#8221;#015f6c&#8221; header_5_letter_spacing=&#8221;15px&#8221; header_5_line_height=&#8221;1.8em&#8221; background_layout=&#8221;dark&#8221; width=&#8221;100%&#8221; max_width_tablet=&#8221;100%&#8221; max_width_phone=&#8221;100%&#8221; max_width_last_edited=&#8221;off|desktop&#8221; module_alignment=&#8221;center&#8221; custom_margin=&#8221;31px|||||&#8221; locked=&#8221;off&#8221;]<\/p>\n<h5>pi\u0161ite nam<\/h5>\n<h3><\/h3>\n<p>[\/et_pb_text][\/et_pb_column][\/et_pb_row][et_pb_row column_structure=&#8221;1_4,1_2,1_4&#8243; use_custom_gutter=&#8221;on&#8221; custom_padding_last_edited=&#8221;on|phone&#8221; admin_label=&#8221;Subscribe Row&#8221; module_class=&#8221; et_pb_row_fullwidth&#8221; _builder_version=&#8221;4.7.7&#8243; width=&#8221;89%&#8221; width_tablet=&#8221;80%&#8221; width_phone=&#8221;&#8221; width_last_edited=&#8221;on|desktop&#8221; max_width=&#8221;89%&#8221; max_width_tablet=&#8221;80%&#8221; max_width_phone=&#8221;&#8221; max_width_last_edited=&#8221;on|desktop&#8221; custom_padding_tablet=&#8221;&#8221; custom_padding_phone=&#8221;1px||||false|false&#8221; make_fullwidth=&#8221;on&#8221;][et_pb_column type=&#8221;1_4&#8243; _builder_version=&#8221;3.25&#8243; custom_padding=&#8221;|||&#8221; custom_padding__hover=&#8221;|||&#8221;][\/et_pb_column][et_pb_column type=&#8221;1_2&#8243; _builder_version=&#8221;3.25&#8243; custom_padding=&#8221;|||&#8221; custom_padding__hover=&#8221;|||&#8221;][et_pb_contact_form captcha=&#8221;off&#8221; email=&#8221;shop@emma.si&#8221; custom_message=&#8221;IME KONTAKTA JE %%Name%%||et_pb_line_break_holder||||et_pb_line_break_holder||ELEKTRONSKI NASLOV JE %%Email%%||et_pb_line_break_holder||||et_pb_line_break_holder||SPORO\u010cILO JE %%Message%%&#8221; use_redirect=&#8221;on&#8221; redirect_url=&#8221;https:\/\/vestina.eu&#8221; success_message=&#8221;Va\u0161a poruka je poslana.&#8221; submit_button_text=&#8221;PO\u0160ALJI PORUKU&#8221; _builder_version=&#8221;4.8.1&#8243; _module_preset=&#8221;default&#8221; form_field_background_color=&#8221;#ffffff&#8221; form_field_text_color=&#8221;#000000&#8243; form_field_font=&#8221;Montserrat|300|||||||&#8221; form_field_font_size=&#8221;13px&#8221; custom_button=&#8221;on&#8221; button_text_size=&#8221;14px&#8221; button_text_color=&#8221;#FFFFFF&#8221; button_bg_color=&#8221;#005b6c&#8221; button_border_width=&#8221;6px&#8221; button_border_color=&#8221;#015f6c&#8221; button_border_radius=&#8221;0px&#8221; button_letter_spacing=&#8221;2px&#8221; button_font=&#8221;Montserrat|300|||||||&#8221; hover_enabled=&#8221;0&#8243; border_width_all=&#8221;1px&#8221; border_color_all=&#8221;#aaaaaa&#8221; button_bg_enable_color=&#8221;on&#8221; sticky_enabled=&#8221;0&#8243;][et_pb_contact_field field_id=&#8221;Name&#8221; field_title=&#8221;Ime i prezime&#8221; _builder_version=&#8221;3.16&#8243; button_text_size__hover_enabled=&#8221;off&#8221; button_one_text_size__hover_enabled=&#8221;off&#8221; button_two_text_size__hover_enabled=&#8221;off&#8221; button_text_color__hover_enabled=&#8221;off&#8221; button_one_text_color__hover_enabled=&#8221;off&#8221; button_two_text_color__hover_enabled=&#8221;off&#8221; button_border_width__hover_enabled=&#8221;off&#8221; button_one_border_width__hover_enabled=&#8221;off&#8221; button_two_border_width__hover_enabled=&#8221;off&#8221; button_border_color__hover_enabled=&#8221;off&#8221; button_one_border_color__hover_enabled=&#8221;off&#8221; button_two_border_color__hover_enabled=&#8221;off&#8221; button_border_radius__hover_enabled=&#8221;off&#8221; button_one_border_radius__hover_enabled=&#8221;off&#8221; button_two_border_radius__hover_enabled=&#8221;off&#8221; button_letter_spacing__hover_enabled=&#8221;off&#8221; button_one_letter_spacing__hover_enabled=&#8221;off&#8221; button_two_letter_spacing__hover_enabled=&#8221;off&#8221; button_bg_color__hover_enabled=&#8221;off&#8221; button_one_bg_color__hover_enabled=&#8221;off&#8221; button_two_bg_color__hover_enabled=&#8221;off&#8221;][\/et_pb_contact_field][et_pb_contact_field field_id=&#8221;Email&#8221; field_title=&#8221;Email adresa&#8221; field_type=&#8221;email&#8221; _builder_version=&#8221;4.7.6&#8243; button_text_size__hover_enabled=&#8221;off&#8221; button_one_text_size__hover_enabled=&#8221;off&#8221; button_two_text_size__hover_enabled=&#8221;off&#8221; button_text_color__hover_enabled=&#8221;off&#8221; button_one_text_color__hover_enabled=&#8221;off&#8221; button_two_text_color__hover_enabled=&#8221;off&#8221; button_border_width__hover_enabled=&#8221;off&#8221; button_one_border_width__hover_enabled=&#8221;off&#8221; button_two_border_width__hover_enabled=&#8221;off&#8221; button_border_color__hover_enabled=&#8221;off&#8221; button_one_border_color__hover_enabled=&#8221;off&#8221; button_two_border_color__hover_enabled=&#8221;off&#8221; button_border_radius__hover_enabled=&#8221;off&#8221; button_one_border_radius__hover_enabled=&#8221;off&#8221; button_two_border_radius__hover_enabled=&#8221;off&#8221; button_letter_spacing__hover_enabled=&#8221;off&#8221; button_one_letter_spacing__hover_enabled=&#8221;off&#8221; button_two_letter_spacing__hover_enabled=&#8221;off&#8221; button_bg_color__hover_enabled=&#8221;off&#8221; button_one_bg_color__hover_enabled=&#8221;off&#8221; button_two_bg_color__hover_enabled=&#8221;off&#8221;][\/et_pb_contact_field][et_pb_contact_field field_id=&#8221;Message&#8221; field_title=&#8221;tvoja poruka&#8221; field_type=&#8221;text&#8221; fullwidth_field=&#8221;on&#8221; _builder_version=&#8221;4.7.6&#8243; button_text_size__hover_enabled=&#8221;off&#8221; button_one_text_size__hover_enabled=&#8221;off&#8221; button_two_text_size__hover_enabled=&#8221;off&#8221; button_text_color__hover_enabled=&#8221;off&#8221; button_one_text_color__hover_enabled=&#8221;off&#8221; button_two_text_color__hover_enabled=&#8221;off&#8221; button_border_width__hover_enabled=&#8221;off&#8221; button_one_border_width__hover_enabled=&#8221;off&#8221; button_two_border_width__hover_enabled=&#8221;off&#8221; button_border_color__hover_enabled=&#8221;off&#8221; button_one_border_color__hover_enabled=&#8221;off&#8221; button_two_border_color__hover_enabled=&#8221;off&#8221; button_border_radius__hover_enabled=&#8221;off&#8221; button_one_border_radius__hover_enabled=&#8221;off&#8221; button_two_border_radius__hover_enabled=&#8221;off&#8221; button_letter_spacing__hover_enabled=&#8221;off&#8221; button_one_letter_spacing__hover_enabled=&#8221;off&#8221; button_two_letter_spacing__hover_enabled=&#8221;off&#8221; button_bg_color__hover_enabled=&#8221;off&#8221; button_one_bg_color__hover_enabled=&#8221;off&#8221; button_two_bg_color__hover_enabled=&#8221;off&#8221;][\/et_pb_contact_field][et_pb_contact_field field_id=&#8221;Field_4&#8243; field_title=&#8221;Politika privatnosti&#8221; field_type=&#8221;checkbox&#8221; checkbox_options=&#8221;%91{%22value%22:%22Pro\u010ditao sam i sla\u017eem se s Politikom privatnosti i Uvjetima.%22,%22checked%22:0,%22dragID%22:-1,%22link_url%22:%22https:\\\/\\\/vestina.eu\\\/politika-zasebnosti\\\/%22}%93&#8243; _builder_version=&#8221;4.7.6&#8243; _module_preset=&#8221;default&#8221; form_field_background_color=&#8221;#ffffff&#8221; form_field_focus_background_color=&#8221;#ffffff&#8221; form_field_focus_text_color=&#8221;#000000&#8243; form_field_font_size=&#8221;12px&#8221;][\/et_pb_contact_field][\/et_pb_contact_form][\/et_pb_column][et_pb_column type=&#8221;1_4&#8243; _builder_version=&#8221;3.25&#8243; custom_padding=&#8221;|||&#8221; custom_padding__hover=&#8221;|||&#8221;][\/et_pb_column][\/et_pb_row][\/et_pb_section]<\/p>\n","protected":false},"excerpt":{"rendered":"<p>VE\u0106 POLA STOLJE\u0106A NEPREKIDNO UVO\u0110ENJE SUVREMENIH RJE\u0160ENJA ZA VAS Od originalnih ideja do visokokvalitetnih proizvoda Uobiteljskoj tvrtki tvrtkiEMMA iz Lesc na Gorenjskem ove godine obilje\u017eavamo 50 godina tradicije. Principi U rrazvoja i proizvodnje izdelkov, ki se jih dr\u017eimo \u017ee svaovadese\u0107letja, sudanas aktualni kao nikada prije. Inovativnost, kakova\u0107a, ekologijaisrce- to su\u010detiri klju\u010dna stupa, na kojima gradimo [&hellip;]<\/p>\n","protected":false},"author":1,"featured_media":0,"parent":0,"menu_order":0,"comment_status":"closed","ping_status":"closed","template":"","meta":{"_et_pb_use_builder":"on","_et_pb_old_content":"","_et_gb_content_width":"","footnotes":""},"class_list":["post-4327","page","type-page","status-publish","hentry"],"_links":{"self":[{"href":"https:\/\/telegram.vestina.eu\/hr\/wp-json\/wp\/v2\/pages\/4327","targetHints":{"allow":["GET"]}}],"collection":[{"href":"https:\/\/telegram.vestina.eu\/hr\/wp-json\/wp\/v2\/pages"}],"about":[{"href":"https:\/\/telegram.vestina.eu\/hr\/wp-json\/wp\/v2\/types\/page"}],"author":[{"embeddable":true,"href":"https:\/\/telegram.vestina.eu\/hr\/wp-json\/wp\/v2\/users\/1"}],"replies":[{"embeddable":true,"href":"https:\/\/telegram.vestina.eu\/hr\/wp-json\/wp\/v2\/comments?post=4327"}],"version-history":[{"count":2,"href":"https:\/\/telegram.vestina.eu\/hr\/wp-json\/wp\/v2\/pages\/4327\/revisions"}],"predecessor-version":[{"id":4329,"href":"https:\/\/telegram.vestina.eu\/hr\/wp-json\/wp\/v2\/pages\/4327\/revisions\/4329"}],"wp:attachment":[{"href":"https:\/\/telegram.vestina.eu\/hr\/wp-json\/wp\/v2\/media?parent=4327"}],"curies":[{"name":"wp","href":"https:\/\/api.w.org\/{rel}","templated":true}]}}