{"id":4304,"date":"2022-05-24T09:34:38","date_gmt":"2022-05-24T07:34:38","guid":{"rendered":"https:\/\/telegram.vestina.eu\/blog\/"},"modified":"2023-09-26T09:39:15","modified_gmt":"2023-09-26T07:39:15","slug":"blog","status":"publish","type":"page","link":"https:\/\/telegram.vestina.eu\/hr\/blog\/","title":{"rendered":"Blog"},"content":{"rendered":"<p>[et_pb_section fb_built=&#8221;1&#8243; _builder_version=&#8221;4.17.4&#8243; _module_preset=&#8221;default&#8221; background_color=&#8221;#005b6d&#8221; global_colors_info=&#8221;{}&#8221;][et_pb_row _builder_version=&#8221;4.17.4&#8243; _module_preset=&#8221;default&#8221; global_colors_info=&#8221;{}&#8221;][et_pb_column type=&#8221;4_4&#8243; _builder_version=&#8221;4.17.4&#8243; _module_preset=&#8221;default&#8221; global_colors_info=&#8221;{}&#8221;][et_pb_text _builder_version=&#8221;4.17.4&#8243; _module_preset=&#8221;default&#8221; text_text_color=&#8221;#FFFFFF&#8221; header_text_color=&#8221;#FFFFFF&#8221; global_colors_info=&#8221;{}&#8221;]<\/p>\n<h2 style=\"text-align: center;\"><span style=\"color: #ffffff;\">VESTINA TELEGRAM SO\u0106UTI &#8211; BLOG<\/span><span style=\"color: #ffffff;\"><\/span><\/h2>\n<p style=\"text-align: center;\"><span><\/span><\/p>\n<p style=\"text-align: center;\"><span><\/span><\/p>\n<p style=\"text-align: center;\"><span>Na na\u0161em blogu objavljujemo zanimljive, emotivne i edukativne \u010dlanke u kojima \u0107emo se, osim predstavljanja Telegram servisa Vestina Su\u0107ut, dotaknuti i drugih razli\u010ditih tema i pitanja vezanih uz \u017eivot i smrt.<\/span><\/p>\n<p style=\"text-align: center;\"><span>\u017delimo vam ugodno \u010ditanje.<\/span><\/p>\n<p>[\/et_pb_text][\/et_pb_column][\/et_pb_row][\/et_pb_section][et_pb_section fb_built=&#8221;1&#8243; specialty=&#8221;on&#8221; _builder_version=&#8221;4.17.4&#8243; _module_preset=&#8221;default&#8221; global_colors_info=&#8221;{}&#8221;][et_pb_column type=&#8221;3_4&#8243; specialty_columns=&#8221;3&#8243; _builder_version=&#8221;4.16&#8243; custom_padding=&#8221;|||&#8221; global_colors_info=&#8221;{}&#8221; custom_padding__hover=&#8221;|||&#8221;][et_pb_row_inner _builder_version=&#8221;4.17.4&#8243; _module_preset=&#8221;default&#8221; global_colors_info=&#8221;{}&#8221;][et_pb_column_inner saved_specialty_column_type=&#8221;3_4&#8243; _builder_version=&#8221;4.17.4&#8243; _module_preset=&#8221;default&#8221; global_colors_info=&#8221;{}&#8221;][et_pb_blog fullwidth=&#8221;off&#8221; include_categories=&#8221;all&#8221; _builder_version=&#8221;4.17.4&#8243; _module_preset=&#8221;default&#8221; global_colors_info=&#8221;{}&#8221;][\/et_pb_blog][\/et_pb_column_inner][\/et_pb_row_inner][\/et_pb_column][et_pb_column type=&#8221;1_4&#8243; _builder_version=&#8221;4.16&#8243; custom_padding=&#8221;|||&#8221; global_colors_info=&#8221;{}&#8221; custom_padding__hover=&#8221;|||&#8221;][et_pb_post_slider posts_number=&#8221;10&#8243; include_categories=&#8221;all&#8221; more_text=&#8221;\u010citaj vi\u0161e&#8221; _builder_version=&#8221;4.17.4&#8243; _module_preset=&#8221;default&#8221; global_colors_info=&#8221;{}&#8221;][\/et_pb_post_slider][\/et_pb_column][\/et_pb_section]<\/p>\n","protected":false},"excerpt":{"rendered":"<p>VESTINA TELEGRAM SO\u0106UTI &#8211; BLOG Na na\u0161em blogu objavljujemo zanimljive, emotivne i edukativne \u010dlanke u kojima \u0107emo se, osim predstavljanja Telegram servisa Vestina Su\u0107ut, dotaknuti i drugih razli\u010ditih tema i pitanja vezanih uz \u017eivot i smrt. \u017delimo vam ugodno \u010ditanje.<\/p>\n","protected":false},"author":1,"featured_media":0,"parent":0,"menu_order":0,"comment_status":"closed","ping_status":"closed","template":"","meta":{"_et_pb_use_builder":"on","_et_pb_old_content":"","_et_gb_content_width":"","footnotes":""},"class_list":["post-4304","page","type-page","status-publish","hentry"],"_links":{"self":[{"href":"https:\/\/telegram.vestina.eu\/hr\/wp-json\/wp\/v2\/pages\/4304","targetHints":{"allow":["GET"]}}],"collection":[{"href":"https:\/\/telegram.vestina.eu\/hr\/wp-json\/wp\/v2\/pages"}],"about":[{"href":"https:\/\/telegram.vestina.eu\/hr\/wp-json\/wp\/v2\/types\/page"}],"author":[{"embeddable":true,"href":"https:\/\/telegram.vestina.eu\/hr\/wp-json\/wp\/v2\/users\/1"}],"replies":[{"embeddable":true,"href":"https:\/\/telegram.vestina.eu\/hr\/wp-json\/wp\/v2\/comments?post=4304"}],"version-history":[{"count":2,"href":"https:\/\/telegram.vestina.eu\/hr\/wp-json\/wp\/v2\/pages\/4304\/revisions"}],"predecessor-version":[{"id":4306,"href":"https:\/\/telegram.vestina.eu\/hr\/wp-json\/wp\/v2\/pages\/4304\/revisions\/4306"}],"wp:attachment":[{"href":"https:\/\/telegram.vestina.eu\/hr\/wp-json\/wp\/v2\/media?parent=4304"}],"curies":[{"name":"wp","href":"https:\/\/api.w.org\/{rel}","templated":true}]}}