{"id":4287,"date":"2021-01-24T10:53:03","date_gmt":"2021-01-24T09:53:03","guid":{"rendered":"https:\/\/telegram.vestina.eu\/jednostavna-reklamacija\/"},"modified":"2023-09-26T09:52:45","modified_gmt":"2023-09-26T07:52:45","slug":"jednostavna-reklamacija","status":"publish","type":"page","link":"https:\/\/telegram.vestina.eu\/hr\/jednostavna-reklamacija\/","title":{"rendered":"JEDNOSTAVNA REKLAMACIJA"},"content":{"rendered":"<p>[et_pb_section fb_built=&#8221;1&#8243; _builder_version=&#8221;4.8.1&#8243; _module_preset=&#8221;default&#8221; background_color=&#8221;rgba(0,0,0,0)&#8221; use_background_color_gradient=&#8221;on&#8221; background_color_gradient_start=&#8221;rgba(104,186,179,0.33)&#8221; background_color_gradient_end=&#8221;rgba(104,186,179,0.33)&#8221; background_image=&#8221;https:\/\/telegram.vestina.eu\/wp-content\/uploads\/2021\/01\/Artboard-1-.jpg&#8221; parallax=&#8221;on&#8221; custom_margin=&#8221;||19px|||&#8221; custom_padding=&#8221;107px||0px|||&#8221;][et_pb_row _builder_version=&#8221;4.7.6&#8243; _module_preset=&#8221;default&#8221;][et_pb_column type=&#8221;4_4&#8243; _builder_version=&#8221;4.7.6&#8243; _module_preset=&#8221;default&#8221;][et_pb_text _builder_version=&#8221;4.8.1&#8243; text_font=&#8221;Cormorant Garamond||||||||&#8221; text_text_color=&#8221;#424a4f&#8221; text_font_size=&#8221;20px&#8221; text_line_height=&#8221;1.8em&#8221; link_font=&#8221;||||||||&#8221; link_text_color=&#8221;#424a4f&#8221; ul_font=&#8221;||||||||&#8221; header_font=&#8221;||||||||&#8221; header_text_color=&#8221;#FFFFFF&#8221; header_2_font=&#8221;||||||||&#8221; header_3_font=&#8221;Montserrat||||||||&#8221; header_3_text_color=&#8221;#FFFFFF&#8221; header_3_font_size=&#8221;45px&#8221; header_3_line_height=&#8221;1.5em&#8221; header_4_font=&#8221;||||||||&#8221; header_5_font=&#8221;Poppins|700||on|||||&#8221; header_5_text_color=&#8221;#FFFFFF&#8221; header_5_letter_spacing=&#8221;15px&#8221; header_5_line_height=&#8221;1.8em&#8221; text_orientation=&#8221;center&#8221; background_layout=&#8221;dark&#8221; width=&#8221;100%&#8221; max_width_tablet=&#8221;100%&#8221; max_width_phone=&#8221;100%&#8221; max_width_last_edited=&#8221;off|desktop&#8221; module_alignment=&#8221;right&#8221; custom_margin=&#8221;-61px|||||&#8221; hover_enabled=&#8221;0&#8243; header_3_font_size_tablet=&#8221;&#8221; header_3_font_size_phone=&#8221;34px&#8221; header_3_font_size_last_edited=&#8221;on|phone&#8221; locked=&#8221;off&#8221; sticky_enabled=&#8221;0&#8243;]<\/p>\n<h5>REKLAMACIJE<\/h5>\n<p>[\/et_pb_text][\/et_pb_column][\/et_pb_row][\/et_pb_section][et_pb_section fb_built=&#8221;1&#8243; background_color=&#8221;rgba(0,0,0,0)&#8221; _builder_version=&#8221;4.6.6&#8243; _module_preset=&#8221;default&#8221;][et_pb_row _builder_version=&#8221;4.7.6&#8243; _module_preset=&#8221;default&#8221; width=&#8221;70%&#8221; max_width=&#8221;1428px&#8221;][et_pb_column type=&#8221;4_4&#8243; _builder_version=&#8221;4.6.6&#8243; _module_preset=&#8221;default&#8221;][et_pb_text text_text_color=&#8221;#424a4f&#8221; text_font=&#8221;||||||||&#8221; link_text_color=&#8221;#424a4f&#8221; background_layout=&#8221;dark&#8221; custom_margin=&#8221;-61px|||||&#8221; header_text_color=&#8221;#424a4f&#8221; width=&#8221;100%&#8221; module_alignment=&#8221;center&#8221; _builder_version=&#8221;4.7.7&#8243; _module_preset=&#8221;default&#8221;]<\/p>\n<p><strong>Neispravni proizvodi<\/strong><\/p>\n<p>Tvrtka Emma d.o.o. (u daljnjem tekstu: prodavatelj), u skladu sa Zakonom o za\u0161titi potro\u0161a\u010da (ZVPot), odgovara za materijalne nedostatke na proizvodu koji se poka\u017eu u roku od dvije (2) godine od preuzimanja proizvoda. Prodavatelj odgovara za materijalne nedostatke koje je proizvod imao u trenutku prijelaza rizika na kupca, bez obzira na to je li mu je to bilo poznato ili ne. Prodavatelj odgovara i za one materijalne nedostatke koji se pojave nakon prijelaza rizika na kupca ako su posljedica uzroka koji je postojao prije toga. Neznatna materijalna gre\u0161ka ne uzima se u obzir. Prodavatelj ne odgovara za materijalne nedostatke koji se poka\u017eu nakon proteka roka od dvije godine od predaje proizvoda.<\/p>\n<p>Kupac mo\u017ee koristiti prava iz odgovornosti za materijalne nedostatke proizvoda ako o nedostatku obavijesti prodavatelja e-po\u0161tom na adresu: shop@Emma.si u roku od dva (2) mjeseca od dana kad je nedostatak otkriven. Kupac je du\u017ean u obavijesti o nedostatku pobli\u017ee opisati nedostatak i omogu\u0107iti prodavatelju da pregleda proizvod. Kupac mo\u017ee osobno (po prethodnom dogovoru) obavijestiti prodavatelja o nedostatku, o \u010demu prodavatelj mora izdati potvrdu.<\/p>\n<p>Kupac koji je pravilno obavijestio prodavatelja o nedostatku ima pravo zahtijevati od prodavatelja da:<\/p>\n<ul>\n<li>\u2022 ukloni nedostatak na proizvodu ili<\/li>\n<li>\u2022\u2022 vrati dio upla\u0107enog iznosa razmjerno pogre\u0161ci ili<\/li>\n<li>\u2022 zamjeni neispravan proizvod novim, besprijekornim ili<\/li>\n<li>\u2022 vrati upla\u0107eni iznos.<\/li>\n<\/ul>\n<p>U slu\u010daju da je zahtjev o postojanju nedostatka neosnovan, prodavatelj je du\u017ean najkasnije u roku od osam (8) dana od dana zaprimanja zahtjeva u pisanom obliku odgovoriti na njegov zahtjev. U slu\u010daju da je zahtjev o postojanju nedostatka osnovan prodavatelj je du\u017ean udovoljiti zahtjevu kupca \u0161to je prije mogu\u0107e, a najkasnije u roku od osam (8) dana.<\/p>\n<p><strong>Materijalni nedostatak postoji: Kadar:<\/strong><\/p>\n<ul>\n<li>\u2022 ako proizvod nema svojstva za svoju redovitu uporabu ili promet,<\/li>\n<li>\u2022 ako proizvod nema svojstva za posebnu uporabu za koju je kupac kupuje, a koja je bila poznata prodavatelju ili mu je morala biti poznata,<\/li>\n<li>\u2022 ako proizvod nema svojstva i odlike koja su izrijekom ili pre\u0161utno dogovorene odnosno propisane,<\/li>\n<li>\u2022 kad je prodavatelj prodao proizvod koji nije jednak uzorku ili modelu, osim ako je uzorak ili model prikazan samo radi obavijesti.<\/li>\n<\/ul>\n<p><strong> <\/strong><\/p>\n<p><strong>Provjera prikladnosti proizvoda<\/strong><\/p>\n<p>Prikladnost proizvoda provjerava se drugim besprijekornim proizvodom iste vrste, istodobno i izjavama proizvo\u0111a\u010da ili prodavatelja odnosno oznakama na samom proizvodu. U ovom slu\u010daju proizvo\u0111a\u010d je ujedno i prodavatelj proizvoda.<\/p>\n<p><strong>Preuzimanje proizvoda vra\u0107enih zbog jamstva ili materijalnog nedostatka<\/strong><\/p>\n<p>Nakon zavr\u0161ene obrade, kupac je du\u017ean preuzeti proizvod koji je prodavatelju predao u jamstvenu ili drugu obradu. Kupac preuzima proizvod na mjestu preuzimanja gdje ga je osobno predao prodavatelju, a ako ga je poslao po\u0161tom, bit \u0107e mu vra\u0107en na adresu koju je kupac javio.<\/p>\n<p>Prodavatelj \u0107e poslati obavijest kupcu o povratu proizvoda iz obrade te ga pozvati da preuzme proizvod. Kupac je du\u017ean preuzeti proizvod u roku od 14 dana od dana obavijesti.<br \/> Ako kupac ne preuzme proizvod u navedenom roku, proizvod se \u010duva na adresi prodavatelja Emma d.o.o., Ro\u017ena dolina 52, 4248 Lesce, Slovenija. Prodavatelj \u010duva proizvod u vlastitom skladi\u0161tu do isteka \u0161est (6) mjeseci od dana obavijesti. Za to razdoblje prodavatelj ima pravo na naknadu svih tro\u0161kova pohrane (1 EUR\/dan) i pravo na naknadu svih tro\u0161kova potrebnih za o\u010duvanje proizvoda.<\/p>\n<p>Nakon isteka \u0161est (6) mjeseci od dana obavijesti, prodavatelj mo\u017ee prodavati proizvod u internetskoj trgovini www.vestina.eu i prenijeti kupovnu cijenu na kupca nakon odbitka prodajnih i drugih tro\u0161kova prodavatelja. U slu\u010daju da je vrijednost proizvoda neznatna, prodavatelj ga mo\u017ee donirati u dobrotvorne svrhe i u tom slu\u010daju kupcu nije du\u017ean izvr\u0161iti povrat novca. 15 dana prije isteka roka pohrane od \u0161est (6) mjeseci, prodavatelj obavje\u0161tava kupca o namjeravanoj prodaji ili darovanju proizvoda, a nakon prodaje i o postignutoj cijeni i visini tro\u0161kova te o prijenosu preostalog iznosa kupoprodajne cijene na transakcijski ra\u010dun kupca.<\/p>\n<p><strong>Prigovori, \u017ealbe i sporovi<\/strong><\/p>\n<p>Prodavatelj po\u0161tuje va\u017ee\u0107u europsku legislativu o za\u0161titi potro\u0161a\u010da te se maksimalno trudi ispunjavati du\u017enost osiguravanja u\u010dinkovitog sustava rje\u0161avanja prigovora. Prodavatelj odre\u0111uje osobu s kojom, u slu\u010daju problema, kupac mo\u017ee stupiti u vezu telefonom ili e-po\u0161tom.<\/p>\n<p>Prigovor se podnosi na e-adresu: <a href=\"mailto:shop@lumada.net\">shop@emma.si<\/a>. \u017dalbeni postupak je povjerljiv. Prodavatelj \u0107e u roku od pet (5) radnih dana potvrditi primitak prigovora, obavijestiti kupca koliko \u0107e ga dugo obra\u0111ivati i obavje\u0161tavati ga tijekom cijelog postupka.<\/p>\n<p>Prodavatelj je svjestan da je bitno svojstvo potro\u0161a\u010dkog spora, barem \u0161to se ti\u010de sudskog rje\u0161avanja, njegova nerazmjernost izme\u0111u ekonomske vrijednosti zahtjeva i tro\u0161kova koji nastaju u samom rje\u0161avanju spora. To je ujedno i glavna prepreka da kupac ne pokrene spor pred sudom. Stoga prodavatelj uvijek nastoji mogu\u0107e sporove rje\u0161avati mirnim putem. Stoga prodavatelj uvijek nastoji mogu\u0107e sporove rje\u0161avati mirnim putem.<\/p>\n<p>U slu\u010daju sudskog rje\u0161avanja sporova ovla\u0161ten je sud prema mjestu prebivali\u0161ta kupca.<\/p>\n<p><strong>Alternativno rje\u0161avanje potro\u0161a\u010dkih sporova<\/strong><\/p>\n<p>U skladu sa zakonskim normama, ne priznajemo niti jednog pru\u017eatelja usluga izvansudskog rje\u0161avanja potro\u0161a\u010dkih sporova ovla\u0161tenim za rje\u0161avanje potro\u0161a\u010dkog spora koji bi kupac mogao pokrenuti u skladu sa Zakonom o alternativnom rje\u0161avanju potro\u0161a\u010dkih sporova. Prodavatelj, koji kao ponu\u0111a\u010d proizvoda i usluga omogu\u0107uje internetsku trgovinu na podru\u010dju Hrvatske, na svojoj internetskoj stranici objavljuje e-poveznicu na platformu za internetsko rje\u0161avanje potro\u0161a\u010dkih sporova (SRPS). Platforma je dostupna potro\u0161a\u010dima na ovoj poveznici. <a href=\"https:\/\/webgate.ec.europa.eu\/odr\/main\/index.cfm?event=main.home.show&amp;lng=SL\">Povezava<\/a><\/p>\n<p>Navedena uredba proizlazi iz Zakona o alternativnom rje\u0161avanju potro\u0161a\u010dkih sporova Uredbe br. 524\/2013 Europskog parlamenta i Vije\u0107a o internetskom rje\u0161avanju potro\u0161a\u010dkih sporova i izmjeni Uredbe (EK) br. 2006\/2004 i Direktive 2009\/22\/EZ.<\/p>\n<p>&nbsp;<\/p>\n<p>[\/et_pb_text][\/et_pb_column][\/et_pb_row][\/et_pb_section]<\/p>\n","protected":false},"excerpt":{"rendered":"<p>REKLAMACIJE Neispravni proizvodi Tvrtka Emma d.o.o. (u daljnjem tekstu: prodavatelj), u skladu sa Zakonom o za\u0161titi potro\u0161a\u010da (ZVPot), odgovara za materijalne nedostatke na proizvodu koji se poka\u017eu u roku od dvije (2) godine od preuzimanja proizvoda. Prodavatelj odgovara za materijalne nedostatke koje je proizvod imao u trenutku prijelaza rizika na kupca, bez obzira na to [&hellip;]<\/p>\n","protected":false},"author":1,"featured_media":0,"parent":0,"menu_order":0,"comment_status":"closed","ping_status":"closed","template":"","meta":{"_et_pb_use_builder":"on","_et_pb_old_content":"","_et_gb_content_width":"","footnotes":""},"class_list":["post-4287","page","type-page","status-publish","hentry"],"_links":{"self":[{"href":"https:\/\/telegram.vestina.eu\/hr\/wp-json\/wp\/v2\/pages\/4287","targetHints":{"allow":["GET"]}}],"collection":[{"href":"https:\/\/telegram.vestina.eu\/hr\/wp-json\/wp\/v2\/pages"}],"about":[{"href":"https:\/\/telegram.vestina.eu\/hr\/wp-json\/wp\/v2\/types\/page"}],"author":[{"embeddable":true,"href":"https:\/\/telegram.vestina.eu\/hr\/wp-json\/wp\/v2\/users\/1"}],"replies":[{"embeddable":true,"href":"https:\/\/telegram.vestina.eu\/hr\/wp-json\/wp\/v2\/comments?post=4287"}],"version-history":[{"count":6,"href":"https:\/\/telegram.vestina.eu\/hr\/wp-json\/wp\/v2\/pages\/4287\/revisions"}],"predecessor-version":[{"id":4322,"href":"https:\/\/telegram.vestina.eu\/hr\/wp-json\/wp\/v2\/pages\/4287\/revisions\/4322"}],"wp:attachment":[{"href":"https:\/\/telegram.vestina.eu\/hr\/wp-json\/wp\/v2\/media?parent=4287"}],"curies":[{"name":"wp","href":"https:\/\/api.w.org\/{rel}","templated":true}]}}