{"id":4270,"date":"2021-01-24T10:52:43","date_gmt":"2021-01-24T09:52:43","guid":{"rendered":"https:\/\/telegram.vestina.eu\/odustajanje-od-kupnje\/"},"modified":"2023-09-26T11:56:34","modified_gmt":"2023-09-26T09:56:34","slug":"odustajanje-od-kupnje","status":"publish","type":"page","link":"https:\/\/telegram.vestina.eu\/hr\/odustajanje-od-kupnje\/","title":{"rendered":"Odustajanje od kupnje"},"content":{"rendered":"<p>[et_pb_section fb_built=&#8221;1&#8243; _builder_version=&#8221;4.8.1&#8243; _module_preset=&#8221;default&#8221; background_color=&#8221;rgba(0,0,0,0)&#8221; use_background_color_gradient=&#8221;on&#8221; background_color_gradient_start=&#8221;rgba(104,186,179,0.33)&#8221; background_color_gradient_end=&#8221;rgba(104,186,179,0.33)&#8221; background_image=&#8221;https:\/\/telegram.vestina.eu\/wp-content\/uploads\/2021\/01\/Artboard-1-.jpg&#8221; parallax=&#8221;on&#8221; custom_margin=&#8221;||19px|||&#8221; custom_padding=&#8221;107px||0px|||&#8221;][et_pb_row _builder_version=&#8221;4.7.6&#8243; _module_preset=&#8221;default&#8221;][et_pb_column type=&#8221;4_4&#8243; _builder_version=&#8221;4.7.6&#8243; _module_preset=&#8221;default&#8221;][et_pb_text _builder_version=&#8221;4.8.1&#8243; text_font=&#8221;Cormorant Garamond||||||||&#8221; text_text_color=&#8221;#424a4f&#8221; text_font_size=&#8221;20px&#8221; text_line_height=&#8221;1.8em&#8221; link_font=&#8221;||||||||&#8221; link_text_color=&#8221;#424a4f&#8221; ul_font=&#8221;||||||||&#8221; header_font=&#8221;||||||||&#8221; header_text_color=&#8221;#FFFFFF&#8221; header_2_font=&#8221;||||||||&#8221; header_3_font=&#8221;Montserrat||||||||&#8221; header_3_text_color=&#8221;#FFFFFF&#8221; header_3_font_size=&#8221;45px&#8221; header_3_line_height=&#8221;1.5em&#8221; header_4_font=&#8221;||||||||&#8221; header_5_font=&#8221;Poppins|700||on|||||&#8221; header_5_text_color=&#8221;#FFFFFF&#8221; header_5_letter_spacing=&#8221;15px&#8221; header_5_line_height=&#8221;1.8em&#8221; text_orientation=&#8221;center&#8221; background_layout=&#8221;dark&#8221; width=&#8221;100%&#8221; max_width_tablet=&#8221;100%&#8221; max_width_phone=&#8221;100%&#8221; max_width_last_edited=&#8221;off|desktop&#8221; module_alignment=&#8221;right&#8221; custom_margin=&#8221;-61px|||||&#8221; header_3_font_size_tablet=&#8221;&#8221; header_3_font_size_phone=&#8221;34px&#8221; header_3_font_size_last_edited=&#8221;on|phone&#8221; locked=&#8221;off&#8221;]<\/p>\n<h5>Odustajanje od kupnje<\/h5>\n<p>[\/et_pb_text][\/et_pb_column][\/et_pb_row][\/et_pb_section][et_pb_section fb_built=&#8221;1&#8243; _builder_version=&#8221;4.6.6&#8243; _module_preset=&#8221;default&#8221; background_color=&#8221;rgba(0,0,0,0)&#8221; custom_padding=&#8221;0px||11px|||&#8221;][et_pb_row _builder_version=&#8221;4.6.6&#8243; _module_preset=&#8221;default&#8221; width=&#8221;90%&#8221; max_width=&#8221;1428px&#8221;][et_pb_column type=&#8221;4_4&#8243; _builder_version=&#8221;4.6.6&#8243; _module_preset=&#8221;default&#8221;][et_pb_text _builder_version=&#8221;4.8.1&#8243; _module_preset=&#8221;default&#8221; text_font=&#8221;||||||||&#8221; text_text_color=&#8221;#424a4f&#8221; link_text_color=&#8221;#424a4f&#8221; header_text_color=&#8221;#424a4f&#8221; background_layout=&#8221;dark&#8221; width=&#8221;66%&#8221; module_alignment=&#8221;center&#8221; custom_margin=&#8221;28px|||||&#8221; hover_enabled=&#8221;0&#8243; sticky_enabled=&#8221;0&#8243;]<\/p>\n<p><strong>Otkazivanje kupnje<\/strong><\/p>\n<p>Kupac uvijek ima pravo odustati od kupnje, odnosno od kupoprodajnog ugovora na daljinu, u skladu sa Zakonom o za\u0161titi potro\u0161a\u010da (ZVPot), \u010dak i nakon \u0161to je ve\u0107 primio naru\u010deni proizvod, i mo\u017ee ga vratiti bez obja\u0161njenja. U tom slu\u010daju kupljeni proizvod mora biti u neotvorenoj, nepromijenjenoj i neo\u0161te\u0107enoj ambala\u017ei, osim ako je proizvod uni\u0161ten, neispravan, izgubljen ili je njegova koli\u010dina smanjena bez krivnje kupca. Tro\u0161ak povrata snosi kupac. Proizvod se mora vratiti na adresu Emma d.o.o., Ro\u017ena dolina 52, 4248 Lesce, Slovenija, najkasnije 14 dana nakon obavijesti kupca prodavatelju da odustaje od kupnje.<\/p>\n<p>Odustajanje od kupnje mogu\u0107e je u roku od 14 dana od dana kad je kupac fizi\u010dki preuzeo naru\u010deni proizvod ili ga je u njegovo ime fizi\u010dki preuzeo netko drugi. Nakon toga dana odustajanje od kupnje vi\u0161e nije mogu\u0107e. Obavijest o odustajanju mora se dostaviti u pisanom obliku na fizi\u010dku ili e-adresu prodavatelja. Pri tome vam mo\u017ee pomo\u0107i obrazac koji se nalazi na kraju dokumenta u pdf i word formatu. Da bi se rok za odustajanje od ugovora uzeo u obzir, dovoljno je da obavijest o ostvarivanju prava do odustajanja od ugovora po\u0161aljete prije isteka roka za odustajanje od tog ugovora.<\/p>\n<p>Pri povratu proizvoda, kupac tako\u0111er \u0161alje ra\u010dun za proizvode i osobne podatke te transakcijski ra\u010dun na koji \u017eeli primiti vra\u0107enu uplatu. Povrat upla\u0107enih sredstava, uklju\u010duju\u0107i tro\u0161kove dostave (osim dodatnih tro\u0161kova zbog odabira vrste dostave koja nije cjenovno najpovoljniji standardni oblik dostave koji nudimo) prodavatelj \u0107e izvr\u0161iti u roku od 14 dana od primitka obavijesti o odustajanju od ugovora. Navedeni povrat prodavatelj \u0107e izvr\u0161iti prijenosom na transakcijski ra\u010dun kupca. Ni u kojem slu\u010daju kupac ne\u0107e imati nikakve tro\u0161kove kao rezultat takvog povrata novca.<\/p>\n<p>Prodavatelj mo\u017ee zadr\u017eati pla\u0107anje za povrat kupnje sve dok ne primi vra\u0107eni proizvod ili izravan dokaz da je proizvod poslan. Tro\u0161ak povrata proizvoda snosi kupac.<\/p>\n<p>U slu\u010daju da je proizvod kupljen s odre\u0111enim popustom (promid\u017ebene aktivnost), ta se sredstva ra\u010dunaju kao popust i ne vra\u0107aju se kupcu. Prodavatelj vra\u0107a iznos koji je kupac istinski platio.<\/p>\n<p><a href=\"https:\/\/shop.emma.si\/wp-content\/uploads\/2020\/10\/OBRAZEC-ODSTOP-OD-NAKUPA-WORD.docx\" rel=\"attachment wp-att-679\"><\/a><a href=\"https:\/\/telegram.vestina.eu\/wp-content\/uploads\/2021\/01\/20-10-28-SHOP.VESTINA.SI-OBRAZEC-ODSTOP-OD-NAKUPA.pdf\" rel=\"attachment wp-att-1502\">FILE &#8211; Odustajanje od kupnje &#8211; PDF<\/a><\/p>\n<p><a href=\"https:\/\/telegram.vestina.eu\/wp-content\/uploads\/2021\/01\/20-10-28-SHOP.VESTINA.SI-OBRAZEC-ODSTOP-OD-NAKUPA.docx\" rel=\"attachment wp-att-1503\">FILE &#8211; Odustajanje od kupnje &#8211; WORD<\/a><a href=\"https:\/\/shop.emma.si\/wp-content\/uploads\/2020\/10\/OBRAZEC-ODSTOP-OD-NAKUPA-WORD.docx\" rel=\"attachment wp-att-679\"><\/a><\/p>\n<p>[\/et_pb_text][\/et_pb_column][\/et_pb_row][\/et_pb_section]<\/p>\n","protected":false},"excerpt":{"rendered":"<p>Odustajanje od kupnjeOtkazivanje kupnje Kupac uvijek ima pravo odustati od kupnje, odnosno od kupoprodajnog ugovora na daljinu, u skladu sa Zakonom o za\u0161titi potro\u0161a\u010da (ZVPot), \u010dak i nakon \u0161to je ve\u0107 primio naru\u010deni proizvod, i mo\u017ee ga vratiti bez obja\u0161njenja. U tom slu\u010daju kupljeni proizvod mora biti u neotvorenoj, nepromijenjenoj i neo\u0161te\u0107enoj ambala\u017ei, osim ako [&hellip;]<\/p>\n","protected":false},"author":1,"featured_media":0,"parent":0,"menu_order":0,"comment_status":"closed","ping_status":"closed","template":"","meta":{"_et_pb_use_builder":"on","_et_pb_old_content":"","_et_gb_content_width":"","footnotes":""},"class_list":["post-4270","page","type-page","status-publish","hentry"],"_links":{"self":[{"href":"https:\/\/telegram.vestina.eu\/hr\/wp-json\/wp\/v2\/pages\/4270","targetHints":{"allow":["GET"]}}],"collection":[{"href":"https:\/\/telegram.vestina.eu\/hr\/wp-json\/wp\/v2\/pages"}],"about":[{"href":"https:\/\/telegram.vestina.eu\/hr\/wp-json\/wp\/v2\/types\/page"}],"author":[{"embeddable":true,"href":"https:\/\/telegram.vestina.eu\/hr\/wp-json\/wp\/v2\/users\/1"}],"replies":[{"embeddable":true,"href":"https:\/\/telegram.vestina.eu\/hr\/wp-json\/wp\/v2\/comments?post=4270"}],"version-history":[{"count":6,"href":"https:\/\/telegram.vestina.eu\/hr\/wp-json\/wp\/v2\/pages\/4270\/revisions"}],"predecessor-version":[{"id":4333,"href":"https:\/\/telegram.vestina.eu\/hr\/wp-json\/wp\/v2\/pages\/4270\/revisions\/4333"}],"wp:attachment":[{"href":"https:\/\/telegram.vestina.eu\/hr\/wp-json\/wp\/v2\/media?parent=4270"}],"curies":[{"name":"wp","href":"https:\/\/api.w.org\/{rel}","templated":true}]}}